{"id":982,"date":"2023-01-09T11:40:43","date_gmt":"2023-01-09T11:40:43","guid":{"rendered":"https:\/\/janssencosmetics.lt\/?post_type=product&#038;p=982"},"modified":"2024-10-02T09:17:58","modified_gmt":"2024-10-02T09:17:58","slug":"stangrinamasis-kaklo-ir-dekolte-kremas","status":"publish","type":"product","link":"https:\/\/janssencosmetics.lt\/en\/produktas\/stangrinamasis-kaklo-ir-dekolte-kremas\/","title":{"rendered":"Stangrinamasis kaklo ir dekolte kremas, 50ml"},"content":{"rendered":"<p>Kremas stimuliuoja odos l\u0105steli\u0173 atsinaujinim\u0105, didina med\u017eiag\u0173 apykaitos procesus odoje,dr\u0117kina ir maitina od\u0105,lygina rauk\u0161les ir apsaugo nuo nauj\u0173 rauk\u0161li\u0173 susidarymo. Pasi\u017eymi ry\u0161kiu liftingo poveikiu. <strong><br \/>\n<\/strong><strong>Veiklieji komponentai: <\/strong>avi\u017e\u0173 baltym\u0173 ekstraktas, vitaminai A, C, skvalenas, taukmed\u017ei\u0173 aliejus, \u017eem\u0117s rie\u0161ut\u0173 aliejus.<strong><br \/>\n<\/strong><strong>Naudojimas: <\/strong>Ryte ir\/arba vakare lengvais masa\u017eo judesiais tepkite \u0161vari\u0105 kaklo ir dekolt\u0117 od\u0105 stangrinamuoju kaklo ir dekolt\u0117 kremu.<\/p>\n","protected":false},"excerpt":{"rendered":"<p>Kremas skirtas ypatingos prie\u017ei\u016bros reikalaujan\u010diai brand\u017eiai odai.<\/p>\n","protected":false},"featured_media":3255,"template":"","meta":[],"product_cat":[31],"product_tag":[],"_links":{"self":[{"href":"https:\/\/janssencosmetics.lt\/en\/wp-json\/wp\/v2\/product\/982"}],"collection":[{"href":"https:\/\/janssencosmetics.lt\/en\/wp-json\/wp\/v2\/product"}],"about":[{"href":"https:\/\/janssencosmetics.lt\/en\/wp-json\/wp\/v2\/types\/product"}],"wp:featuredmedia":[{"embeddable":true,"href":"https:\/\/janssencosmetics.lt\/en\/wp-json\/wp\/v2\/media\/3255"}],"wp:attachment":[{"href":"https:\/\/janssencosmetics.lt\/en\/wp-json\/wp\/v2\/media?parent=982"}],"wp:term":[{"taxonomy":"product_cat","embeddable":true,"href":"https:\/\/janssencosmetics.lt\/en\/wp-json\/wp\/v2\/product_cat?post=982"},{"taxonomy":"product_tag","embeddable":true,"href":"https:\/\/janssencosmetics.lt\/en\/wp-json\/wp\/v2\/product_tag?post=982"}],"curies":[{"name":"wp","href":"https:\/\/api.w.org\/{rel}","templated":true}]}}