{"id":976,"date":"2023-01-09T11:25:03","date_gmt":"2023-01-09T11:25:03","guid":{"rendered":"https:\/\/janssencosmetics.lt\/?post_type=product&#038;p=976"},"modified":"2024-10-08T13:59:41","modified_gmt":"2024-10-08T13:59:41","slug":"maitinamasis-paakiu-kremas","status":"publish","type":"product","link":"https:\/\/janssencosmetics.lt\/en\/produktas\/maitinamasis-paakiu-kremas\/","title":{"rendered":"Maitinamasis paaki\u0173 kremas, 15ml"},"content":{"rendered":"<p>Paaki\u0173 prie\u017ei\u016bros kremas skatina regeneracij\u0105, dr\u0117kina, maitina, lygina paaki\u0173 rauk\u0161les. Ma\u017eina paaki\u0173 odos sausum\u0105, pleiskanojim\u0105 ir u\u017edegim\u0105. Naujovi\u0161kas polisacharido kompleksas, sukurtas atsi\u017evelgiant \u012f odos fiziologij\u0105, yra susij\u0119s su vir\u0161utin\u0117mis odos l\u0105stel\u0117mis ir u\u017etikrina gyl\u0173 paaki\u0173 zonos dr\u0117kinim\u0105, bei pastebimai gerina odos strukt\u016br\u0105.<br \/>\n<strong>Veiklieji komponentai:<\/strong> makadamijos rie\u0161ut\u0173 aliejus, taukmed\u017eio sviestas, Shea sviestas, ISIS, skvalenas, sacharidai, vitaminai A, C ir E, arachidono r\u016bg\u0161tis, hialurono r\u016bg\u0161tis, lecitinas, bisabololas.<br \/>\n<strong>Naudojimas:<\/strong> lengvais judesiais u\u017etepti kremo ant \u0161varios paaki\u0173 odos. Naudoti ryte ir\/ar vakare.<\/p>\n","protected":false},"excerpt":{"rendered":"<p>Greito ir ilgalaikio poveikio,\u0161velnios tekst\u016bros praturtintas paaki\u0173 prie\u017ei\u016bros kremas.<\/p>\n","protected":false},"featured_media":1728,"template":"","meta":[],"product_cat":[31],"product_tag":[],"_links":{"self":[{"href":"https:\/\/janssencosmetics.lt\/en\/wp-json\/wp\/v2\/product\/976"}],"collection":[{"href":"https:\/\/janssencosmetics.lt\/en\/wp-json\/wp\/v2\/product"}],"about":[{"href":"https:\/\/janssencosmetics.lt\/en\/wp-json\/wp\/v2\/types\/product"}],"wp:featuredmedia":[{"embeddable":true,"href":"https:\/\/janssencosmetics.lt\/en\/wp-json\/wp\/v2\/media\/1728"}],"wp:attachment":[{"href":"https:\/\/janssencosmetics.lt\/en\/wp-json\/wp\/v2\/media?parent=976"}],"wp:term":[{"taxonomy":"product_cat","embeddable":true,"href":"https:\/\/janssencosmetics.lt\/en\/wp-json\/wp\/v2\/product_cat?post=976"},{"taxonomy":"product_tag","embeddable":true,"href":"https:\/\/janssencosmetics.lt\/en\/wp-json\/wp\/v2\/product_tag?post=976"}],"curies":[{"name":"wp","href":"https:\/\/api.w.org\/{rel}","templated":true}]}}