{"id":971,"date":"2023-01-09T11:10:09","date_gmt":"2023-01-09T11:10:09","guid":{"rendered":"https:\/\/janssencosmetics.lt\/?post_type=product&#038;p=971"},"modified":"2026-01-20T14:16:48","modified_gmt":"2026-01-20T14:16:48","slug":"stimuliuojanti-regeneruojanti-kauke","status":"publish","type":"product","link":"https:\/\/janssencosmetics.lt\/en\/produktas\/stimuliuojanti-regeneruojanti-kauke\/","title":{"rendered":"Stimuliuojanti regeneruojanti kauk\u0117, 50ml"},"content":{"rendered":"<p>Kauk\u0117 skirta streso paveiktai ir pavargusiai odai, brand\u017eiai ir\/arba sausai odai. Pagerina odos spalv\u0105, atstato, maitina ir atgaivina od\u0105, skatina jos regeneracij\u0105.<strong><br \/>\n<strong><strong>Veiklieji komponentai: <\/strong><\/strong><\/strong>Obuoli\u0173 kamienini\u0173 l\u0105steli\u0173 ekstraktas (Malus domestica),Vitamino A palmitatas,Vitamino E Acetatas,Vitamino C,Pantenolis (provitaminas B5), Hialurono r\u016bg\u0161tis (ilgos ir trumpos grandin\u0117s),Invertuotas cukrus,Taukmed\u017eio sviestas, saul\u0117gr\u0105\u017e\u0173 aliejus, avokad\u0173 aliejus<strong>.<strong><br \/>\n<strong>Naudojimas: <\/strong><\/strong><\/strong>U\u017etepkite kauk\u0119 ant \u0161varios odos ir leiskite jai veikti 20 minu\u010di\u0173.\u00a0 Nuimkite \u0161iltais dr\u0117gnais kompresais.<\/p>\n","protected":false},"excerpt":{"rendered":"<p>Prabangi maitinamoji kremin\u0117 kauk\u0117, suteikianti odai energijos.<\/p>\n","protected":false},"featured_media":972,"template":"","meta":[],"product_cat":[31],"product_tag":[],"_links":{"self":[{"href":"https:\/\/janssencosmetics.lt\/en\/wp-json\/wp\/v2\/product\/971"}],"collection":[{"href":"https:\/\/janssencosmetics.lt\/en\/wp-json\/wp\/v2\/product"}],"about":[{"href":"https:\/\/janssencosmetics.lt\/en\/wp-json\/wp\/v2\/types\/product"}],"wp:featuredmedia":[{"embeddable":true,"href":"https:\/\/janssencosmetics.lt\/en\/wp-json\/wp\/v2\/media\/972"}],"wp:attachment":[{"href":"https:\/\/janssencosmetics.lt\/en\/wp-json\/wp\/v2\/media?parent=971"}],"wp:term":[{"taxonomy":"product_cat","embeddable":true,"href":"https:\/\/janssencosmetics.lt\/en\/wp-json\/wp\/v2\/product_cat?post=971"},{"taxonomy":"product_tag","embeddable":true,"href":"https:\/\/janssencosmetics.lt\/en\/wp-json\/wp\/v2\/product_tag?post=971"}],"curies":[{"name":"wp","href":"https:\/\/api.w.org\/{rel}","templated":true}]}}