{"id":953,"date":"2023-01-06T14:23:43","date_gmt":"2023-01-06T14:23:43","guid":{"rendered":"https:\/\/janssencosmetics.lt\/?post_type=product&#038;p=953"},"modified":"2024-08-13T13:33:09","modified_gmt":"2024-08-13T13:33:09","slug":"kapsules-su-retinoliu-ir-vitaminu-e-odos-regeneracijai-liftingui-zuvytes","status":"publish","type":"product","link":"https:\/\/janssencosmetics.lt\/en\/produktas\/kapsules-su-retinoliu-ir-vitaminu-e-odos-regeneracijai-liftingui-zuvytes\/","title":{"rendered":"Kapsul\u0117s su retinoliu ir Vitaminu E odos regeneracijai, liftingui (\u00ab\u017euvyt\u0117s\u00bb), 50vnt"},"content":{"rendered":"<p>Itin efektyvi priemon\u0117 kovojant su sen\u0117jimu ir j\u0173 prevencijai: skatina l\u0105steli\u0173 atsinaujinim\u0105,ma\u017eina rauk\u0161li\u0173 gyl\u012f, didina odos elastingum\u0105 ir stangrum\u0105, suteikia liftingo efekt\u0105. I\u0161lygina odos atspalv\u012f ir reljef\u0105, \u0161viesina pigmentines ir am\u017eiaus d\u0117mes, gerina por\u0173 b\u016bkl\u0119.<br \/>\n<strong>Veiklieji komponentai:<\/strong> Retinolis,Vitamino E acetatas.<br \/>\n<strong>Naudojimas: <\/strong>Atsukite kapsul\u0117s vir\u0161\u0173, i\u0161spauskite<strong>\u00a0<\/strong>turin\u012f ir paskleiskite ant odos. Ypating\u0105 d\u0117mes\u012f reik\u0117t\u0173 skirti rauk\u0161l\u0117ms<strong>.<\/strong> Netepkite ant odos aplink akis. Produkt\u0105 rekomenduojama tepti ant \u0161varios ir sausos odos, vakarais prie\u0161 krem\u0105, o dien\u0105 reikt\u0173 nepamir\u0161ti apsaugos nuo saul\u0117s.<\/p>\n","protected":false},"excerpt":{"rendered":"<p>Retinol Lift yra aktyvus sen\u0117jim\u0105 stabdantis koncentratas kapsul\u0117se, \u012f kur\u012f \u012feina retinolio ir vitamino E derinys.<\/p>\n","protected":false},"featured_media":958,"template":"","meta":[],"product_cat":[39,31,117,22],"product_tag":[],"_links":{"self":[{"href":"https:\/\/janssencosmetics.lt\/en\/wp-json\/wp\/v2\/product\/953"}],"collection":[{"href":"https:\/\/janssencosmetics.lt\/en\/wp-json\/wp\/v2\/product"}],"about":[{"href":"https:\/\/janssencosmetics.lt\/en\/wp-json\/wp\/v2\/types\/product"}],"wp:featuredmedia":[{"embeddable":true,"href":"https:\/\/janssencosmetics.lt\/en\/wp-json\/wp\/v2\/media\/958"}],"wp:attachment":[{"href":"https:\/\/janssencosmetics.lt\/en\/wp-json\/wp\/v2\/media?parent=953"}],"wp:term":[{"taxonomy":"product_cat","embeddable":true,"href":"https:\/\/janssencosmetics.lt\/en\/wp-json\/wp\/v2\/product_cat?post=953"},{"taxonomy":"product_tag","embeddable":true,"href":"https:\/\/janssencosmetics.lt\/en\/wp-json\/wp\/v2\/product_tag?post=953"}],"curies":[{"name":"wp","href":"https:\/\/api.w.org\/{rel}","templated":true}]}}