{"id":939,"date":"2022-12-29T13:38:44","date_gmt":"2022-12-29T13:38:44","guid":{"rendered":"https:\/\/janssencosmetics.lt\/?post_type=product&#038;p=939"},"modified":"2024-08-16T10:43:14","modified_gmt":"2024-08-16T10:43:14","slug":"regeneruojantis-kremas-su-vitaminu-c","status":"publish","type":"product","link":"https:\/\/janssencosmetics.lt\/en\/produktas\/regeneruojantis-kremas-su-vitaminu-c\/","title":{"rendered":"Regeneruojantis kremas su vitaminu C, 50ml"},"content":{"rendered":"<p>Kremas su veiksmingomis veikliosiomis med\u017eiagomis skirtas kovoti su pirmaisiais sen\u0117jimo po\u017eymiais: rauk\u0161l\u0117s, turgoro praradimas, pigmentacija. Neutralizuoja laisvuosius radikalus, apsaugo nuo prie\u0161laikinio odos sen\u0117jimo bei stimuliuoja kolageno ir elastino sintez\u0119.<br \/>\n<strong>Veiklieji komponentai:<\/strong> saul\u0117gr\u0105\u017e\u0173 aliejus, kokos\u0173 aliejaus, taukmed\u017eio aliejus,citrin\u0173 ekstraktas hialurono r\u016bg\u0161tis, vitamino E acetatas, vitaminas C fosfatas.<br \/>\n<strong>Naudojimas:<\/strong> tepti ant \u0161varios veido odos ryte ir\/ar vakare.<\/p>\n","protected":false},"excerpt":{"rendered":"<p>Vitaforce C kremas stiprina odos kapiliarus, skatina kolageno gamyb\u0105, i\u0161lygina odos ton\u0105 ir suteikia jai skaistumo.<\/p>\n","protected":false},"featured_media":1738,"template":"","meta":[],"product_cat":[31],"product_tag":[],"_links":{"self":[{"href":"https:\/\/janssencosmetics.lt\/en\/wp-json\/wp\/v2\/product\/939"}],"collection":[{"href":"https:\/\/janssencosmetics.lt\/en\/wp-json\/wp\/v2\/product"}],"about":[{"href":"https:\/\/janssencosmetics.lt\/en\/wp-json\/wp\/v2\/types\/product"}],"wp:featuredmedia":[{"embeddable":true,"href":"https:\/\/janssencosmetics.lt\/en\/wp-json\/wp\/v2\/media\/1738"}],"wp:attachment":[{"href":"https:\/\/janssencosmetics.lt\/en\/wp-json\/wp\/v2\/media?parent=939"}],"wp:term":[{"taxonomy":"product_cat","embeddable":true,"href":"https:\/\/janssencosmetics.lt\/en\/wp-json\/wp\/v2\/product_cat?post=939"},{"taxonomy":"product_tag","embeddable":true,"href":"https:\/\/janssencosmetics.lt\/en\/wp-json\/wp\/v2\/product_tag?post=939"}],"curies":[{"name":"wp","href":"https:\/\/api.w.org\/{rel}","templated":true}]}}