{"id":936,"date":"2022-12-29T13:15:31","date_gmt":"2022-12-29T13:15:31","guid":{"rendered":"https:\/\/janssencosmetics.lt\/?post_type=product&#038;p=936"},"modified":"2024-10-08T06:51:09","modified_gmt":"2024-10-08T06:51:09","slug":"atstatomasis-liftinguojantis-kremas","status":"publish","type":"product","link":"https:\/\/janssencosmetics.lt\/en\/produktas\/atstatomasis-liftinguojantis-kremas\/","title":{"rendered":"Atstatomasis liftinguojantis kremas, 50ml"},"content":{"rendered":"<p>Kremas stimuliuoja odos l\u0105steli\u0173 atsinaujinim\u0105, didina med\u017eiag\u0173 apykaitos procesus odoje, dr\u0117kina ir maitina od\u0105, lygina rauk\u0161les ir apsaugo nuo nauj\u0173 rauk\u0161li\u0173 susidarymo. Pasi\u017eymi ry\u0161kiu liftingo poveikiu.<br \/>\n<strong>Veiklieji komponentai: <\/strong>avi\u017e\u0173 baltym\u0173 ekstraktas, vitaminai A,C,skvalenas, taukmed\u017ei\u0173 aliejus, \u017eem\u0117s rie\u0161ut\u0173 aliejus.<br \/>\n<strong>Naudojimas: <\/strong>tepti ant \u0161varios veido odos lengvais masa\u017einiais judesiais ryte ir\/ar vakare. Salone gali b\u016bti naudojamas kaip masa\u017einis kremas arba u\u017ebaigiamoji proced\u016br\u0173 priemon\u0117 visiems odos tipams.<\/p>\n","protected":false},"excerpt":{"rendered":"<p>Kremas skirtas prie\u017ei\u016bros reikalaujan\u010diai, brand\u017eiai odai. Pasi\u017eymi ry\u0161kiu liftingo poveikiu.<\/p>\n","protected":false},"featured_media":1722,"template":"","meta":[],"product_cat":[31],"product_tag":[],"_links":{"self":[{"href":"https:\/\/janssencosmetics.lt\/en\/wp-json\/wp\/v2\/product\/936"}],"collection":[{"href":"https:\/\/janssencosmetics.lt\/en\/wp-json\/wp\/v2\/product"}],"about":[{"href":"https:\/\/janssencosmetics.lt\/en\/wp-json\/wp\/v2\/types\/product"}],"wp:featuredmedia":[{"embeddable":true,"href":"https:\/\/janssencosmetics.lt\/en\/wp-json\/wp\/v2\/media\/1722"}],"wp:attachment":[{"href":"https:\/\/janssencosmetics.lt\/en\/wp-json\/wp\/v2\/media?parent=936"}],"wp:term":[{"taxonomy":"product_cat","embeddable":true,"href":"https:\/\/janssencosmetics.lt\/en\/wp-json\/wp\/v2\/product_cat?post=936"},{"taxonomy":"product_tag","embeddable":true,"href":"https:\/\/janssencosmetics.lt\/en\/wp-json\/wp\/v2\/product_tag?post=936"}],"curies":[{"name":"wp","href":"https:\/\/api.w.org\/{rel}","templated":true}]}}