{"id":923,"date":"2022-12-29T10:38:15","date_gmt":"2022-12-29T10:38:15","guid":{"rendered":"https:\/\/janssencosmetics.lt\/?post_type=product&#038;p=923"},"modified":"2024-10-08T13:56:38","modified_gmt":"2024-10-08T13:56:38","slug":"dieninis-maitinamasis-kremas","status":"publish","type":"product","link":"https:\/\/janssencosmetics.lt\/en\/produktas\/dieninis-maitinamasis-kremas\/","title":{"rendered":"Dieninis maitinamasis kremas, 50ml"},"content":{"rendered":"<p>Rich Nutrient Skin kremas reguliuoja odos dr\u0117gm\u0117s lyg\u012f, akivaizd\u017eiai pagerina odos tekst\u016br\u0105, didina jos elastingum\u0105, i\u0161lygina d\u0117l dr\u0117gm\u0117s stokos\u00a0 atsiradusias rauk\u0161leles. L\u0117tina prie\u0161laikinio sen\u0117jimo proces\u0105.<br \/>\n<strong>Veiklieji komponentai<\/strong>: avi\u017e\u0173 baltym\u0173 ekstraktas, skvalenas, hialurono r\u016bg\u0161tis,vitaminai C ir E, UVA, UVB filtrai SPF 15.<br \/>\n<strong>Naudojimas: <\/strong>naudoti ant \u0161variai nuvalytos odos ryte ar vakare.<\/p>\n","protected":false},"excerpt":{"rendered":"<p>Regeneruojamasis intensyvaus poveikio kremas.<\/p>\n","protected":false},"featured_media":1730,"template":"","meta":[],"product_cat":[31,24],"product_tag":[],"_links":{"self":[{"href":"https:\/\/janssencosmetics.lt\/en\/wp-json\/wp\/v2\/product\/923"}],"collection":[{"href":"https:\/\/janssencosmetics.lt\/en\/wp-json\/wp\/v2\/product"}],"about":[{"href":"https:\/\/janssencosmetics.lt\/en\/wp-json\/wp\/v2\/types\/product"}],"wp:featuredmedia":[{"embeddable":true,"href":"https:\/\/janssencosmetics.lt\/en\/wp-json\/wp\/v2\/media\/1730"}],"wp:attachment":[{"href":"https:\/\/janssencosmetics.lt\/en\/wp-json\/wp\/v2\/media?parent=923"}],"wp:term":[{"taxonomy":"product_cat","embeddable":true,"href":"https:\/\/janssencosmetics.lt\/en\/wp-json\/wp\/v2\/product_cat?post=923"},{"taxonomy":"product_tag","embeddable":true,"href":"https:\/\/janssencosmetics.lt\/en\/wp-json\/wp\/v2\/product_tag?post=923"}],"curies":[{"name":"wp","href":"https:\/\/api.w.org\/{rel}","templated":true}]}}