{"id":918,"date":"2022-12-29T10:15:07","date_gmt":"2022-12-29T10:15:07","guid":{"rendered":"https:\/\/janssencosmetics.lt\/?post_type=product&#038;p=918"},"modified":"2024-08-16T10:44:46","modified_gmt":"2024-08-16T10:44:46","slug":"intensyvus-sveitiklis","status":"publish","type":"product","link":"https:\/\/janssencosmetics.lt\/en\/produktas\/intensyvus-sveitiklis\/","title":{"rendered":"Intensyvus \u0161veitiklis, 50ml"},"content":{"rendered":"<p>\u0160velniai stimuliuojantis \u0161vei\u010diamasis kremas su persik\u0173 kauliuk\u0173 granul\u0117mis, pa\u0161alina surag\u0117jusias odos l\u0105steles. Granul\u0117s puikiai eksfoliuoja bei u\u017ekerta keli\u0105 ink\u0161tir\u0173 atsiradimui. Makadamijos rie\u0161ut\u0173 aliejus \u0161velniai r\u016bpinasi oda ir pagerina jos elastingum\u0105. \u0160veitiklis i\u0161lygina od\u0105, skatina regeneracij\u0105, gerina tolesni\u0173 proced\u016br\u0173 veiksmingum\u0105.<br \/>\n<strong>Veiklieji komponentai:<\/strong> susmulkinti ir nu\u0161lifuoti abrikos\u0173 kauliukai, makadamij\u0173 aliejus, dr\u0117kinamosios med\u017eiagos.<br \/>\n<strong>Naudojimas:<\/strong> naudoti \u0161veitikl\u012f ant \u0161varios veido odos ir dekolte srities, 1-2 kartus per savait\u0119. Tolygiai, sudr\u0117kintais pir\u0161tais paskirstyti ant veido piling\u0105 ir pamasa\u017euoti kelet\u0105 minu\u010di\u0173. Nuplauti \u0161iltu vandeniu.<\/p>\n","protected":false},"excerpt":{"rendered":"<p>\u0160velniai stimuliuojantis \u0161vei\u010diamasis kremas su persik\u0173 kauliuk\u0173 granul\u0117mis.<\/p>\n","protected":false},"featured_media":919,"template":"","meta":[],"product_cat":[31,22],"product_tag":[],"_links":{"self":[{"href":"https:\/\/janssencosmetics.lt\/en\/wp-json\/wp\/v2\/product\/918"}],"collection":[{"href":"https:\/\/janssencosmetics.lt\/en\/wp-json\/wp\/v2\/product"}],"about":[{"href":"https:\/\/janssencosmetics.lt\/en\/wp-json\/wp\/v2\/types\/product"}],"wp:featuredmedia":[{"embeddable":true,"href":"https:\/\/janssencosmetics.lt\/en\/wp-json\/wp\/v2\/media\/919"}],"wp:attachment":[{"href":"https:\/\/janssencosmetics.lt\/en\/wp-json\/wp\/v2\/media?parent=918"}],"wp:term":[{"taxonomy":"product_cat","embeddable":true,"href":"https:\/\/janssencosmetics.lt\/en\/wp-json\/wp\/v2\/product_cat?post=918"},{"taxonomy":"product_tag","embeddable":true,"href":"https:\/\/janssencosmetics.lt\/en\/wp-json\/wp\/v2\/product_tag?post=918"}],"curies":[{"name":"wp","href":"https:\/\/api.w.org\/{rel}","templated":true}]}}