{"id":899,"date":"2022-12-28T14:18:55","date_gmt":"2022-12-28T14:18:55","guid":{"rendered":"https:\/\/janssencosmetics.lt\/?post_type=product&#038;p=899"},"modified":"2025-07-08T14:23:27","modified_gmt":"2025-07-08T14:23:27","slug":"sviesinantis-tonikas-pigmentuotai-odai","status":"publish","type":"product","link":"https:\/\/janssencosmetics.lt\/en\/produktas\/sviesinantis-tonikas-pigmentuotai-odai\/","title":{"rendered":"\u0160viesinamasis tonikas suteikiantys odai gaivumo ir \u0161vyt\u0117jimo, 200ml"},"content":{"rendered":"<p>Tonikas gaivina,lygina ir regeneruoja brand\u017ei\u0105 od\u0105.<br \/>\n<strong>Veiklieji komponentai:<\/strong> \u0161ilkmed\u017eio ekstraktas, glicerinas.<br \/>\n<strong>Naudojimas:<\/strong> Skirtas brand\u017eiai odai.\u00a0Naudojamas i\u0161valius od\u0105 arba tarp kosmetini\u0173 odos valymo proced\u016br\u0173. Sudr\u0117kinti vatos pagalv\u0117les toniku ir pravalyti \u0161var\u0173 veid\u0105 ir kakl\u0105.<\/p>\n","protected":false},"excerpt":{"rendered":"<p>\u0160viesinamasis veido tonikas be alkoholio.<\/p>\n","protected":false},"featured_media":3273,"template":"","meta":[],"product_cat":[31],"product_tag":[144],"_links":{"self":[{"href":"https:\/\/janssencosmetics.lt\/en\/wp-json\/wp\/v2\/product\/899"}],"collection":[{"href":"https:\/\/janssencosmetics.lt\/en\/wp-json\/wp\/v2\/product"}],"about":[{"href":"https:\/\/janssencosmetics.lt\/en\/wp-json\/wp\/v2\/types\/product"}],"wp:featuredmedia":[{"embeddable":true,"href":"https:\/\/janssencosmetics.lt\/en\/wp-json\/wp\/v2\/media\/3273"}],"wp:attachment":[{"href":"https:\/\/janssencosmetics.lt\/en\/wp-json\/wp\/v2\/media?parent=899"}],"wp:term":[{"taxonomy":"product_cat","embeddable":true,"href":"https:\/\/janssencosmetics.lt\/en\/wp-json\/wp\/v2\/product_cat?post=899"},{"taxonomy":"product_tag","embeddable":true,"href":"https:\/\/janssencosmetics.lt\/en\/wp-json\/wp\/v2\/product_tag?post=899"}],"curies":[{"name":"wp","href":"https:\/\/api.w.org\/{rel}","templated":true}]}}