{"id":875,"date":"2022-12-28T11:19:12","date_gmt":"2022-12-28T11:19:12","guid":{"rendered":"https:\/\/janssencosmetics.lt\/?post_type=product&#038;p=875"},"modified":"2024-08-13T13:35:31","modified_gmt":"2024-08-13T13:35:31","slug":"normalizuojantis-koncentratas-riebiai-odai","status":"publish","type":"product","link":"https:\/\/janssencosmetics.lt\/en\/produktas\/normalizuojantis-koncentratas-riebiai-odai\/","title":{"rendered":"Normalizuojantis koncentratas riebiai odai, 30ml"},"content":{"rendered":"<p>Didel\u0117s koncentracijos aktyvi\u0173j\u0173 med\u017eiag\u0173, lokalaus naudojimo (ant tam tikros veido srities su riebal\u0173 pertekliumi ar akn\u0117s pa\u017eeistos vietos) kompleksas. Gali b\u016bti naudojamas ir ant viso veido. Mink\u0161tina ir ramina, normalizuoja ir atstato od\u0105, reguliuoja riebalini\u0173 liauk\u0173 veikl\u0105, ma\u017eina poras, naikina spuogus ir panaikina rieb\u0173 odos blizges\u012f.<br \/>\n<strong>Veiklieji komponentai:<\/strong> riebal\u0173 i\u0161siskyrim\u0105 ma\u017einan\u010di\u0173 med\u017eiag\u0173 kompleksas, kurio sud\u0117tyje yra alyvmed\u017eio lap\u0173 ekstrakto (Oleanolio r\u016bg\u0161tis), salicilo r\u016bg\u0161tis, alijo\u0161iaus ekstraktas, raudon\u0173j\u0173 dumbli\u0173 (Chondrus crispus) ekstraktas, hialurono r\u016bg\u0161tis, gliukoz\u0117.<br \/>\n<strong>Naudojimas:<\/strong> tepti lokaliai, tiesiogiai ant riebi\u0173 odos sri\u010di\u0173 ir esam\u0173 u\u017edegimini\u0173 element\u0173, \u0161velniai masa\u017euokite ir palikite dar kelioms minut\u0117ms. Ant vir\u0161aus naudokite Clarifying Cream Gel. Salone naudoti kompleks\u0105 po odos valymo proced\u016bros arba kaip riebios ar akn\u0117s pa\u017eeistos odos prie\u017ei\u016brai. Gali b\u016bti naudojamas prie\u0161 u\u017etepant kauk\u0119 (tepti lokaliai ant riebios veido srities ar esam\u0173 u\u017edegimini\u0173 element\u0173).<\/p>\n","protected":false},"excerpt":{"rendered":"<p>Didel\u0117s koncentracijos aktyvi\u0173j\u0173 med\u017eiag\u0173, lokalaus naudojimo kompleksas.<\/p>\n","protected":false},"featured_media":889,"template":"","meta":[],"product_cat":[117,26],"product_tag":[],"_links":{"self":[{"href":"https:\/\/janssencosmetics.lt\/en\/wp-json\/wp\/v2\/product\/875"}],"collection":[{"href":"https:\/\/janssencosmetics.lt\/en\/wp-json\/wp\/v2\/product"}],"about":[{"href":"https:\/\/janssencosmetics.lt\/en\/wp-json\/wp\/v2\/types\/product"}],"wp:featuredmedia":[{"embeddable":true,"href":"https:\/\/janssencosmetics.lt\/en\/wp-json\/wp\/v2\/media\/889"}],"wp:attachment":[{"href":"https:\/\/janssencosmetics.lt\/en\/wp-json\/wp\/v2\/media?parent=875"}],"wp:term":[{"taxonomy":"product_cat","embeddable":true,"href":"https:\/\/janssencosmetics.lt\/en\/wp-json\/wp\/v2\/product_cat?post=875"},{"taxonomy":"product_tag","embeddable":true,"href":"https:\/\/janssencosmetics.lt\/en\/wp-json\/wp\/v2\/product_tag?post=875"}],"curies":[{"name":"wp","href":"https:\/\/api.w.org\/{rel}","templated":true}]}}