{"id":850,"date":"2022-12-28T09:14:57","date_gmt":"2022-12-28T09:14:57","guid":{"rendered":"https:\/\/janssencosmetics.lt\/?post_type=product&#038;p=850"},"modified":"2024-08-16T09:46:01","modified_gmt":"2024-08-16T09:46:01","slug":"serumas-su-mikrosidabru-glikolio-rugstimi-alantoinu-ir-d-pantenoliu","status":"publish","type":"product","link":"https:\/\/janssencosmetics.lt\/en\/produktas\/serumas-su-mikrosidabru-glikolio-rugstimi-alantoinu-ir-d-pantenoliu\/","title":{"rendered":"Serumas su mikrosidabru, glikolio r\u016bg\u0161timi, alantoinu ir D-pantenoliu, 30ml"},"content":{"rendered":"<p>Microsilver serumas suma\u017eina u\u017edegimini\u0173 element\u0173 skai\u010di\u0173, apsaugo nuo spuog\u0173 ir komedon\u0173 susidarymo, \u0161viesina pigmentacij\u0105 (\u012fskaitant po spuog\u0173), slopina \u00a0patogenin\u0119 flor\u0105, gydo, dr\u0117kina, ramina sudirgint\u0105 od\u0105. Serumo panaudojimas d\u0117l gerai subalansuotos sud\u0117ties: 0,2% mikro-sidabro ir 3,5% glikolio r\u016bg\u0161ties derinys leid\u017eia greitai pagerinti odos b\u016bkl\u0119 be agresyvaus poveikio. \u012erodyta, kad sidabras yra vienas galingiausi\u0173 nat\u016brali\u0173 antibakterini\u0173 med\u017eiag\u0173 \u017eem\u0117je ir sunaikina daugiau\u00a0 nei 650 bakterij\u0173 ir virus\u0173 tip\u0173. Klinikiniai tyrimai parod\u0117, kad esant 0,2% mikrosilverio koncentracijai tirpalo, u\u017edegimini\u0173 element\u0173 (papuli\u0173 ir pustuli\u0173) skai\u010dius jau \u017eymiai suma\u017e\u0117ja jau pirm\u0105j\u012f vartojimo m\u0117nes\u012f.<strong><br \/>\n<\/strong><strong>Veiklieji komponentai<\/strong>: Microsilver grynas nat\u016bralus sidabras, glikolio r\u016bg\u0161tis, alantoinas ir D-pantenolis, glicerinas.<br \/>\n<strong>Naudojimas: <\/strong>Po odos nuvalymo, u\u017etepti serumo ir leisti jam \u012fsigerti. Naudoti ryte ir\/ar vakare.Geriausia derinti su Clarifying Cream Gel rytais ir Aha Face Cream vakarais.<strong>\u00a0\u00a0\u00a0\u00a0\u00a0\u00a0\u00a0\u00a0\u00a0\u00a0\u00a0\u00a0\u00a0\u00a0\u00a0\u00a0\u00a0\u00a0\u00a0\u00a0\u00a0\u00a0\u00a0\u00a0\u00a0\u00a0\u00a0\u00a0\u00a0\u00a0\u00a0\u00a0\u00a0\u00a0\u00a0\u00a0\u00a0\u00a0\u00a0\u00a0\u00a0\u00a0\u00a0\u00a0\u00a0\u00a0\u00a0\u00a0\u00a0\u00a0\u00a0\u00a0\u00a0\u00a0\u00a0\u00a0\u00a0\u00a0\u00a0\u00a0\u00a0\u00a0\u00a0\u00a0\u00a0\u00a0\u00a0\u00a0\u00a0 \u00a0\u00a0\u00a0\u00a0\u00a0\u00a0\u00a0\u00a0<\/strong><\/p>\n","protected":false},"excerpt":{"rendered":"<p>Microsilver Serum turi stipr\u0173 antibakterin\u012f, prie\u0161u\u017edegimin\u012f ir raminant\u012f poveik\u012f odai.<\/p>\n","protected":false},"featured_media":851,"template":"","meta":[],"product_cat":[117,26],"product_tag":[],"_links":{"self":[{"href":"https:\/\/janssencosmetics.lt\/en\/wp-json\/wp\/v2\/product\/850"}],"collection":[{"href":"https:\/\/janssencosmetics.lt\/en\/wp-json\/wp\/v2\/product"}],"about":[{"href":"https:\/\/janssencosmetics.lt\/en\/wp-json\/wp\/v2\/types\/product"}],"wp:featuredmedia":[{"embeddable":true,"href":"https:\/\/janssencosmetics.lt\/en\/wp-json\/wp\/v2\/media\/851"}],"wp:attachment":[{"href":"https:\/\/janssencosmetics.lt\/en\/wp-json\/wp\/v2\/media?parent=850"}],"wp:term":[{"taxonomy":"product_cat","embeddable":true,"href":"https:\/\/janssencosmetics.lt\/en\/wp-json\/wp\/v2\/product_cat?post=850"},{"taxonomy":"product_tag","embeddable":true,"href":"https:\/\/janssencosmetics.lt\/en\/wp-json\/wp\/v2\/product_tag?post=850"}],"curies":[{"name":"wp","href":"https:\/\/api.w.org\/{rel}","templated":true}]}}