{"id":842,"date":"2022-12-28T08:59:56","date_gmt":"2022-12-28T08:59:56","guid":{"rendered":"https:\/\/janssencosmetics.lt\/?post_type=product&#038;p=842"},"modified":"2026-04-14T14:48:21","modified_gmt":"2026-04-14T14:48:21","slug":"serumas-su-salicilo-rugstimi-probleminei-odai","status":"publish","type":"product","link":"https:\/\/janssencosmetics.lt\/en\/produktas\/serumas-su-salicilo-rugstimi-probleminei-odai\/","title":{"rendered":"Serumas su salicilo r\u016bg\u0161timi probleminei odai, 30ml"},"content":{"rendered":"<p>Lengvas aktyvaus gelio koncentratas, sukurtas naujovi\u0161ko Equal Refining komplekso ir salicilo r\u016bg\u0161ties pagrindu, skirtas lokaliniam naudojimui problemin\u0117se srityse, pradedant nuo paauglyst\u0117s (ma\u017edaug nuo 14 met\u0173). Akimirksniu mal\u0161ina u\u017edegim\u0105, pagreitina u\u017edegimini\u0173 element\u0173 gijim\u0105, giliai i\u0161valo ir sutraukia poras, ramina od\u0105. Rezultatas: lygesn\u0117, sveikesn\u0117 oda be riebaus blizgesio. Idealiai tinka po\u00a0valymo \u2013 apsaugo nuo u\u017edegim\u0173. Aromatas malonus,subtilus.<br \/>\n<strong>Veiklieji komponentai<\/strong>: Equal-Refining Complex: oleanolio r\u016bg\u0161ties ir \u017eiev\u0117s ekstrakto derinys. Enantia Chlorantha, Salicilo r\u016bg\u0161tis (BHA), Busteris cukr\u0173 ir glicerino pagrindu, Aloe Vera ekstraktas, Didel\u0117s molekulin\u0117s mas\u0117s hialurono r\u016bg\u0161tis<em>.<\/em><br \/>\n<strong>Naudojimas<\/strong>: Lokaliai tepkite tiesiai ant riebi\u0173 viet\u0173 ir d\u0117mi\u0173, jei reikia. Palikite kelioms minut\u0117ms \u012fsigerti. Tada naudokite Clarifying Cream Gel.<\/p>\n","protected":false},"excerpt":{"rendered":"<p>Lengvas aktyvaus gelio koncentratas skirtas lokaliniam naudojimui problemin\u0117se srityse, pradedant nuo paauglyst\u0117s (ma\u017edaug nuo 14 met\u0173).<\/p>\n<p>Galiojimo laikas: 2026.01<\/p>\n","protected":false},"featured_media":848,"template":"","meta":[],"product_cat":[26],"product_tag":[],"_links":{"self":[{"href":"https:\/\/janssencosmetics.lt\/en\/wp-json\/wp\/v2\/product\/842"}],"collection":[{"href":"https:\/\/janssencosmetics.lt\/en\/wp-json\/wp\/v2\/product"}],"about":[{"href":"https:\/\/janssencosmetics.lt\/en\/wp-json\/wp\/v2\/types\/product"}],"wp:featuredmedia":[{"embeddable":true,"href":"https:\/\/janssencosmetics.lt\/en\/wp-json\/wp\/v2\/media\/848"}],"wp:attachment":[{"href":"https:\/\/janssencosmetics.lt\/en\/wp-json\/wp\/v2\/media?parent=842"}],"wp:term":[{"taxonomy":"product_cat","embeddable":true,"href":"https:\/\/janssencosmetics.lt\/en\/wp-json\/wp\/v2\/product_cat?post=842"},{"taxonomy":"product_tag","embeddable":true,"href":"https:\/\/janssencosmetics.lt\/en\/wp-json\/wp\/v2\/product_tag?post=842"}],"curies":[{"name":"wp","href":"https:\/\/api.w.org\/{rel}","templated":true}]}}