{"id":830,"date":"2022-12-27T14:45:02","date_gmt":"2022-12-27T14:45:02","guid":{"rendered":"https:\/\/janssencosmetics.lt\/?post_type=product&#038;p=830"},"modified":"2024-08-16T11:25:47","modified_gmt":"2024-08-16T11:25:47","slug":"lengvas-kremas-riebiaiuzdegiminiei-odai-su-vaisiu-rugstimis","status":"publish","type":"product","link":"https:\/\/janssencosmetics.lt\/en\/produktas\/lengvas-kremas-riebiaiuzdegiminiei-odai-su-vaisiu-rugstimis\/","title":{"rendered":"Lengvas kremas riebiai,u\u017edegiminiei odai su vaisi\u0173 r\u016bg\u0161timis, 50ml"},"content":{"rendered":"<p>Kremas giliai valo,tirpdo komedonus,sutraukia poras, ma\u017eina u\u017edegimus, dr\u0117kina ir lygina od\u0105,\u0161viesina pigmentacij\u0105. Suaktyvina nat\u016bral\u0173 atsinaujinimo proces\u0105.Maloni lengva tekst\u016bra, greitai susigeria. Idealiai tinka brand\u017eios odos prie\u017ei\u016brai, linkusiai \u012f u\u017edegimus.<br \/>\n<strong>Veiklieji komponentai:<\/strong> Glikolio r\u016bg\u0161tis,obuoli\u0173 r\u016bg\u0161tis, vyno r\u016bg\u0161tis, citrin\u0173 r\u016bg\u0161tis, invertinis cukrus.<br \/>\n<strong>Naudojimas:<\/strong> AHA veido kremas pageidautina naudoti vakare. Tepkite ant nuvalytos odos ir \u0161velniai masa\u017euokite.<\/p>\n","protected":false},"excerpt":{"rendered":"<p>AHA Face Cream yra lengvas aktyvus kremas-gelis su vaisi\u0173 r\u016bg\u0161timis \u2013 24 valandas per par\u0105 veikianti priemon\u0117 riebiai,linkusiai \u012f b\u0117rimus odai.<\/p>\n","protected":false},"featured_media":839,"template":"","meta":[],"product_cat":[26,24],"product_tag":[],"_links":{"self":[{"href":"https:\/\/janssencosmetics.lt\/en\/wp-json\/wp\/v2\/product\/830"}],"collection":[{"href":"https:\/\/janssencosmetics.lt\/en\/wp-json\/wp\/v2\/product"}],"about":[{"href":"https:\/\/janssencosmetics.lt\/en\/wp-json\/wp\/v2\/types\/product"}],"wp:featuredmedia":[{"embeddable":true,"href":"https:\/\/janssencosmetics.lt\/en\/wp-json\/wp\/v2\/media\/839"}],"wp:attachment":[{"href":"https:\/\/janssencosmetics.lt\/en\/wp-json\/wp\/v2\/media?parent=830"}],"wp:term":[{"taxonomy":"product_cat","embeddable":true,"href":"https:\/\/janssencosmetics.lt\/en\/wp-json\/wp\/v2\/product_cat?post=830"},{"taxonomy":"product_tag","embeddable":true,"href":"https:\/\/janssencosmetics.lt\/en\/wp-json\/wp\/v2\/product_tag?post=830"}],"curies":[{"name":"wp","href":"https:\/\/api.w.org\/{rel}","templated":true}]}}