{"id":819,"date":"2022-12-27T14:20:49","date_gmt":"2022-12-27T14:20:49","guid":{"rendered":"https:\/\/janssencosmetics.lt\/?post_type=product&#038;p=819"},"modified":"2026-01-15T11:12:38","modified_gmt":"2026-01-15T11:12:38","slug":"maitinamasis-kremas-su-retinoliu-dehidratuotairiebiai-misriai-odai","status":"publish","type":"product","link":"https:\/\/janssencosmetics.lt\/en\/produktas\/maitinamasis-kremas-su-retinoliu-dehidratuotairiebiai-misriai-odai\/","title":{"rendered":"Maitinamasis kremas su retinoliu dehidratuotai,riebiai\/mi\u0161riai odai, 50ml"},"content":{"rendered":"<p>Kremas pasi\u017eymi kompleksiniu poveikiu: ma\u017eina spuog\u0173 atsiradimo rizik\u0105, normalizuoja riebal\u0173 sekrecij\u0105, padeda susiaurinti poras, ramina od\u0105, ma\u017eina paraudim\u0105 ir u\u017edegimus, intensyviai dr\u0117kina. Regulating Retinol kremas suteikia sen\u0117jim\u0105 stabdant\u012f poveik\u012f, i\u0161lygina odos tekst\u016br\u0105, \u0161iek tiek matizuoja. Priemon\u0117 lengvai pasiskirsto\u00a0ant odos, greitai\u00a0\u012fsigeria .Reguliariai naudojant ger\u0117ja odos b\u016bkl\u0117 ir i\u0161vaizda &#8211; ma\u017e\u0117ja u\u017edegimai, i\u0161silygina tonusas ir reljefas, suma\u017e\u0117ja rauk\u0161l\u0117s. Kremas suteikia odai sveik\u0105 i\u0161vaizd\u0105 ir gaiv\u0173 \u0161vyt\u0117jim\u0105. Aromatas subtilus, malonus.<br \/>\n<strong>Veiklieji komponentai: <\/strong>Equal-Refining Complex: oleanolio r\u016bg\u0161ties ir \u017eiev\u0117s ekstrakto derinys, Enantia Chlorantha, Hialurono r\u016bg\u0161tis (ma\u017eos ir didel\u0117s molekulin\u0117s mas\u0117s), Aloe Vera ekstraktas, Taukmed\u017eio sviestas, Silicio dioksidas, Glicerinas:<br \/>\n<strong>Naudojimas:<\/strong> Kasdien ryte ir (arba) vakare tepkite nedidel\u012f kiek\u012f kremo ant \u0161varios odos. Gali b\u016bti naudojamas kaip makia\u017eo pagrindas.<\/p>\n","protected":false},"excerpt":{"rendered":"<p>Regulating Retinol 24 valand\u0173 maitinamasis kremas su naujovi\u0161ku \u201eEqual Refining Complex\u201c yra skirtas intensyviai, \u012f u\u017edegimus linkusios odos prie\u017ei\u016brai.<\/p>\n","protected":false},"featured_media":821,"template":"","meta":[],"product_cat":[26,22,24],"product_tag":[],"_links":{"self":[{"href":"https:\/\/janssencosmetics.lt\/en\/wp-json\/wp\/v2\/product\/819"}],"collection":[{"href":"https:\/\/janssencosmetics.lt\/en\/wp-json\/wp\/v2\/product"}],"about":[{"href":"https:\/\/janssencosmetics.lt\/en\/wp-json\/wp\/v2\/types\/product"}],"wp:featuredmedia":[{"embeddable":true,"href":"https:\/\/janssencosmetics.lt\/en\/wp-json\/wp\/v2\/media\/821"}],"wp:attachment":[{"href":"https:\/\/janssencosmetics.lt\/en\/wp-json\/wp\/v2\/media?parent=819"}],"wp:term":[{"taxonomy":"product_cat","embeddable":true,"href":"https:\/\/janssencosmetics.lt\/en\/wp-json\/wp\/v2\/product_cat?post=819"},{"taxonomy":"product_tag","embeddable":true,"href":"https:\/\/janssencosmetics.lt\/en\/wp-json\/wp\/v2\/product_tag?post=819"}],"curies":[{"name":"wp","href":"https:\/\/api.w.org\/{rel}","templated":true}]}}