{"id":812,"date":"2022-12-27T14:04:12","date_gmt":"2022-12-27T14:04:12","guid":{"rendered":"https:\/\/janssencosmetics.lt\/?post_type=product&#038;p=812"},"modified":"2024-08-16T11:26:27","modified_gmt":"2024-08-16T11:26:27","slug":"lengvas-drekinamasis-kremas-riebiai-probleminai-odai","status":"publish","type":"product","link":"https:\/\/janssencosmetics.lt\/en\/produktas\/lengvas-drekinamasis-kremas-riebiai-probleminai-odai\/","title":{"rendered":"Lengvas dr\u0117kinamasis kremas riebiai probleminai odai, 50ml"},"content":{"rendered":"<p>\u0160is kremas gerina por\u0173 b\u016bkl\u0119, susiaurina jas, neleid\u017eia susidaryti komedonams ir spuogams. Ramina od\u0105, ma\u017eina u\u017edegimus ir paraudim\u0105. Kremas turi dr\u0117kinam\u0105j\u012f poveik\u012f, mink\u0161tina ir greitai pa\u0161alina diskomfort\u0105, lygina smulkias rauk\u0161leles, i\u0161lygina odos reljef\u0105, o tai ypa\u010d svarbu brand\u017eiai probleminei, i\u0161saus\u0117jusiai,\u012f u\u017edegimus linkusiai odai. \u0160velni tekst\u016bra greitai susigeria, neperkraunant,o malonus gaivus aromatas suteikia gaivumo poj\u016bt\u012f. I\u0161 karto u\u017etepus krem\u0105 oda tampa tarsi \u0161ilkin\u0117 ir matin\u0117, gerai sudr\u0117kinta. Lengva tekst\u016bra &#8211; puikus makia\u017eo pagrindas.<br \/>\n<strong>Veiklieji komponentai: <\/strong>Equal-Refining Complex: oleanolio r\u016bg\u0161ties ir \u017eiev\u0117s ekstrakto derinys, Enantia Chlorantha, Hialurono r\u016bg\u0161tis Aloe Vera ekstraktas,Taukmed\u017eio sviestas, Silicio dioksidas<br \/>\n<strong>Naudojimas:<\/strong> Kasdien ryte ir (arba) vakare tepkite nedidel\u012f kiek\u012f kremo ant \u0161varios odos.<\/p>\n","protected":false},"excerpt":{"rendered":"<p>Lengvas 24 valand\u0173 kremas \u2013 idealus sprendimas kasdienei riebios ir mi\u0161rios odos prie\u017ei\u016brai, tiek jaunai (nuo 14-16 met\u0173), tiek brandesnei.<\/p>\n","protected":false},"featured_media":1625,"template":"","meta":[],"product_cat":[26,22,24],"product_tag":[],"_links":{"self":[{"href":"https:\/\/janssencosmetics.lt\/en\/wp-json\/wp\/v2\/product\/812"}],"collection":[{"href":"https:\/\/janssencosmetics.lt\/en\/wp-json\/wp\/v2\/product"}],"about":[{"href":"https:\/\/janssencosmetics.lt\/en\/wp-json\/wp\/v2\/types\/product"}],"wp:featuredmedia":[{"embeddable":true,"href":"https:\/\/janssencosmetics.lt\/en\/wp-json\/wp\/v2\/media\/1625"}],"wp:attachment":[{"href":"https:\/\/janssencosmetics.lt\/en\/wp-json\/wp\/v2\/media?parent=812"}],"wp:term":[{"taxonomy":"product_cat","embeddable":true,"href":"https:\/\/janssencosmetics.lt\/en\/wp-json\/wp\/v2\/product_cat?post=812"},{"taxonomy":"product_tag","embeddable":true,"href":"https:\/\/janssencosmetics.lt\/en\/wp-json\/wp\/v2\/product_tag?post=812"}],"curies":[{"name":"wp","href":"https:\/\/api.w.org\/{rel}","templated":true}]}}