{"id":807,"date":"2022-12-27T13:49:12","date_gmt":"2022-12-27T13:49:12","guid":{"rendered":"https:\/\/janssencosmetics.lt\/?post_type=product&#038;p=807"},"modified":"2024-11-22T12:37:29","modified_gmt":"2024-11-22T12:37:29","slug":"enziminis-pilingas-pudra","status":"publish","type":"product","link":"https:\/\/janssencosmetics.lt\/en\/produktas\/enziminis-pilingas-pudra\/","title":{"rendered":"Enziminis pilingas-pudra, 50gr"},"content":{"rendered":"<p>\u0160velni, ferment\u0173 pagrindu pagaminta \u0161vei\u010diamoji pudra idealiai tinka intensyviam, bet labai \u0161velniam odos valymui. Visi\u0161kai saugus pilingas vis\u0173 tip\u0173 odai. Ypa\u010d rekomenduojamas jautriai riebiai ir mi\u0161riai odai, pradedant nuo paauglyst\u0117s. Kai atsiranda pirmieji b\u0117rimai d\u0117l padid\u0117jusios sebumo gamybos, galima reguliariai naudoti ferment\u0173 miltelius. Padeda pa\u0161alinti rieb\u0173 blizges\u012f, sutraukia poras, apsaugo nuo komedon\u0173 ir akne atsiradimo. Enzyme Peeling Powder yra nepakei\u010diama priemon\u0117 \u00a0brandesnei odai \u2013 papilk\u0117jusiai, dehidratuotai, linkusiai \u012f ink\u0161tirus. Normalizuoja riebalini\u0173 liauk\u0173 darb\u0105, skatina j\u0173 atsinaujinim\u0105 ir regeneracij\u0105, i\u0161lygina reljef\u0105, ma\u017eina rauk\u0161li\u0173 gyl\u012f. Enzimin\u0117 pudra neturi abrazyvini\u0173 daleli\u0173. \u0160velni valomoji pudra virstanti kremin\u0117mis putomis, \u0161velniai tirpdo negyvas odos l\u0105steles ir riebal\u0173 pertekli\u0173. Pastebimas odos atsinaujinimo efektas \u2013 tolygesnis atspalvis ir nat\u016bralesnis spindesys, nepastebimos poros, \u017eymiai suma\u017eintas u\u017edegimas. Tinka paaugliams (ma\u017edaug nuo 14 met\u0173). Galima naudoti i\u0161tisus metus. Aromatas subtilus, malonus.<br \/>\n<strong>Veiklieji komponentai: <\/strong>Fermentai: lipaz\u0117s ir proteaz\u0117s (subtilizinas), Silicio dioksidas: adsorbentas,nat\u016brali pavir\u0161inio aktyvumo med\u017eiaga, gauta i\u0161 glicino ir kokoso aminor\u016bg\u0161\u010di\u0173.<br \/>\n<strong><strong>Naudojimas:<\/strong><\/strong>Pudros miltelius i\u0161berti ant delno, sumai\u0161yti su vandeniu (turi suputoti) ir tepkite ant veido ir kaklo. \u0160velniai masa\u017euokite sukamaisiais judesiais 5 minutes. Tada palikite veikti dar 5 minutes.\u00a0 Kruop\u0161\u010diai nuplaukite dr\u0117gnais kompresais. Intensyviai atnaujinan\u010diai prie\u017ei\u016brai naudokite kasdien 10-14 dien\u0173. Kartokite kurs\u0105 bent 2 kartus per metus.<\/p>\n","protected":false},"excerpt":{"rendered":"<p>\u0160velni, ferment\u0173 pagrindu pagaminta \u0161vei\u010diamoji pudra idealiai tinka intensyviam, bet labai \u0161velniam odos valymui.<\/p>\n","protected":false},"featured_media":873,"template":"","meta":[],"product_cat":[26],"product_tag":[],"_links":{"self":[{"href":"https:\/\/janssencosmetics.lt\/en\/wp-json\/wp\/v2\/product\/807"}],"collection":[{"href":"https:\/\/janssencosmetics.lt\/en\/wp-json\/wp\/v2\/product"}],"about":[{"href":"https:\/\/janssencosmetics.lt\/en\/wp-json\/wp\/v2\/types\/product"}],"wp:featuredmedia":[{"embeddable":true,"href":"https:\/\/janssencosmetics.lt\/en\/wp-json\/wp\/v2\/media\/873"}],"wp:attachment":[{"href":"https:\/\/janssencosmetics.lt\/en\/wp-json\/wp\/v2\/media?parent=807"}],"wp:term":[{"taxonomy":"product_cat","embeddable":true,"href":"https:\/\/janssencosmetics.lt\/en\/wp-json\/wp\/v2\/product_cat?post=807"},{"taxonomy":"product_tag","embeddable":true,"href":"https:\/\/janssencosmetics.lt\/en\/wp-json\/wp\/v2\/product_tag?post=807"}],"curies":[{"name":"wp","href":"https:\/\/api.w.org\/{rel}","templated":true}]}}