{"id":802,"date":"2022-12-27T13:10:43","date_gmt":"2022-12-27T13:10:43","guid":{"rendered":"https:\/\/janssencosmetics.lt\/?post_type=product&#038;p=802"},"modified":"2024-08-16T11:27:07","modified_gmt":"2024-08-16T11:27:07","slug":"sveitiklis-su-vaisiu-ir-salicilo-rugstimis-riebiai-probleminei-odai-ph-4-2","status":"publish","type":"product","link":"https:\/\/janssencosmetics.lt\/en\/produktas\/sveitiklis-su-vaisiu-ir-salicilo-rugstimis-riebiai-probleminei-odai-ph-4-2\/","title":{"rendered":"\u0160veitiklis su vaisi\u0173 ir salicilo r\u016bg\u0161timis riebiai, probleminei odai pH 4.2, 30ml"},"content":{"rendered":"<p>Aktyvus biokompleksas su r\u016bg\u0161timis ne tik pagerina bet kokio am\u017eiaus problemin\u0117s odos b\u016bkl\u0119 bet ir suteikia jauninam\u0105j\u012f poveik\u012f! Kai tik atsiranda pirmosios jaunatvi\u0161kos odos problemos \u2013 ink\u0161tirai, spuogai, riebus blizgesys \u2013 \u0161i priemon\u0117 tiesiog privalo b\u016bti namuose. \u0160veitimo gelis tirpdo komedonus, atveria ir siaurina poras, pagreitina u\u017edegimini\u0173 element\u0173 gijim\u0105. Be to,pa\u0161alindamas negyvas l\u0105steles, aktyvina odos atsinaujinimo ir regeneracijos proces\u0105. Kaupiamasis efektas \u2013 lygesn\u0117, stangresn\u0117 oda, tolygesnis atspalvis ir ma\u017eiau matomos rauk\u0161l\u0117s. Idealus saugus pilingas namuose, nereikalaujantis neutralizavimo. Aromatas lengvas,vaisinis.<br \/>\n<strong>Veiklieji komponentai:<\/strong> AHA kompleksas &#8211; glikolio,obuoli\u0173 ,vyno ir citrin\u0173 r\u016bg\u0161tys,BHA (salicilo r\u016bg\u0161tis).<br \/>\n<strong>Naudojimas:<\/strong> Geriausia naudoti 2-3 kartus per savait\u0119, vakarais po odos valymo. U\u017etepti \u0161veitikl\u012f ant veido ir kaklo,vengiant aki\u0173 srities. Palikti 5-15 minu\u010di\u0173. \u0160velniai masa\u017euoti dr\u0117gnais pir\u0161tais ir gerai praplauti \u0161iltu vandeniu, naudojant kempin\u0119. Po \u0161veitiklio naudojamas naktinis kremas. Intensyvi prie\u017ei\u016bra: tepkite kasdien 10-14 dien\u0173. Kartokite kurs\u0105 bent 2 kartus per metus. Svarbu: naudojant bet kok\u012f piling\u0105, oda tampa jautresn\u0117 ultravioletiniams spinduliams. Nor\u0117dami patikimai apsaugoti od\u0105 dien\u0105 naudokite SPF apsaugos nuo saul\u0117s priemones.<\/p>\n","protected":false},"excerpt":{"rendered":"<p>\u0160veitimo gelis tirpdo komedonus, atveria ir siaurina poras, pagreitina u\u017edegimini\u0173 element\u0173 gijim\u0105.<\/p>\n","protected":false},"featured_media":1623,"template":"","meta":[],"product_cat":[26],"product_tag":[],"_links":{"self":[{"href":"https:\/\/janssencosmetics.lt\/en\/wp-json\/wp\/v2\/product\/802"}],"collection":[{"href":"https:\/\/janssencosmetics.lt\/en\/wp-json\/wp\/v2\/product"}],"about":[{"href":"https:\/\/janssencosmetics.lt\/en\/wp-json\/wp\/v2\/types\/product"}],"wp:featuredmedia":[{"embeddable":true,"href":"https:\/\/janssencosmetics.lt\/en\/wp-json\/wp\/v2\/media\/1623"}],"wp:attachment":[{"href":"https:\/\/janssencosmetics.lt\/en\/wp-json\/wp\/v2\/media?parent=802"}],"wp:term":[{"taxonomy":"product_cat","embeddable":true,"href":"https:\/\/janssencosmetics.lt\/en\/wp-json\/wp\/v2\/product_cat?post=802"},{"taxonomy":"product_tag","embeddable":true,"href":"https:\/\/janssencosmetics.lt\/en\/wp-json\/wp\/v2\/product_tag?post=802"}],"curies":[{"name":"wp","href":"https:\/\/api.w.org\/{rel}","templated":true}]}}