{"id":799,"date":"2022-12-27T10:57:53","date_gmt":"2022-12-27T10:57:53","guid":{"rendered":"https:\/\/janssencosmetics.lt\/?post_type=product&#038;p=799"},"modified":"2025-05-20T14:24:43","modified_gmt":"2025-05-20T14:24:43","slug":"prausimosi-emulsija-su-vaisiu-ir-salicilio-rugstimisriebiai-probleminei-odai-ph-4-2","status":"publish","type":"product","link":"https:\/\/janssencosmetics.lt\/en\/produktas\/prausimosi-emulsija-su-vaisiu-ir-salicilio-rugstimisriebiai-probleminei-odai-ph-4-2\/","title":{"rendered":"Prausimosi emulsija su vaisi\u0173 ir salicilio r\u016bg\u0161timis,riebiai probleminei odai. pH 4.2, 200ml"},"content":{"rendered":"<p>Inovatyvus sprendimas &#8211; valomoji emulsija su AHA ir BHA r\u016bg\u0161timis skirta riebiai, probleminei odai, linkusiai \u012f u\u017edegimus bet \u00a0kuriame am\u017eiuje, taip pat atnaujinti pablukusi\u0105, nelygi\u0105 brand\u017ei\u0105 od\u0105 su i\u0161sipl\u0117tusiomis \u00a0poromis ir nepageidaujama pigmentacija. Kokybi\u0161kai ir \u0161velniai pa\u0161alina ne\u0161varumus, makia\u017e\u0105 ir riebal\u0173 pertekli\u0173, atveria \u201eu\u017esikim\u0161usias\u201c poras, ma\u017eina rieb\u0173 blizges\u012f.\u00a0 Turi antimikrobin\u012f ir prie\u0161u\u017edegimin\u012f poveik\u012f, ma\u017eina spuog\u0173 atsiradimo rizik\u0105, lygina ir gerina veido spalv\u0105. Veikia kaip lengvas pilingas, o tai ypa\u010d svarbu senstan\u010diai odai: \u0161velniai eksfolijuoja vir\u0161utin\u012f negyv\u0173 odos l\u0105steli\u0173 sluoksn\u012f, skatina jos atsinaujinim\u0105 ir regeneracij\u0105, i\u0161lygina tonus\u0105 ir pagerina veido odos spalv\u0105. Rezultatas: \u0161vari, sudr\u0117kinta, nat\u016braliai \u0161vytinti oda, optimaliai paruo\u0161ta tolimesnei prie\u017ei\u016brai. Must-have riebiai ir mi\u0161riai jaunai odai, linkusiai \u012f u\u017edegimus. Nuo 18 met\u0173: kursas nuo 2 iki 6 savai\u010di\u0173<br \/>\n<strong>Veiklieji \u00a0komponentai: <\/strong>AHA kompleksas:(glikolio,obuoli\u0173,citrinos ir vyno r\u016bg\u0161tys).BHA (salicilo r\u016bg\u0161tis).<strong><br \/>\n<strong>Naudojimas:<\/strong><\/strong>Gausiai u\u017etepkite\u00a0 ant\u00a0veido,\u00a0kaklo\u00a0ir\u00a0dekolt\u0117 odos, \u0161velniai \u012fmasa\u017euokite. Liku\u010dius nuplauti \u0161iltu vandeniu.<\/p>\n","protected":false},"excerpt":{"rendered":"<p>Valomoji emulsija su AHA ir BHA r\u016bg\u0161timis skirta riebiai, probleminei odai, linkusiai \u012f u\u017edegimus bet \u00a0kuriame am\u017eiuje.<\/p>\n","protected":false},"featured_media":800,"template":"","meta":[],"product_cat":[26],"product_tag":[],"_links":{"self":[{"href":"https:\/\/janssencosmetics.lt\/en\/wp-json\/wp\/v2\/product\/799"}],"collection":[{"href":"https:\/\/janssencosmetics.lt\/en\/wp-json\/wp\/v2\/product"}],"about":[{"href":"https:\/\/janssencosmetics.lt\/en\/wp-json\/wp\/v2\/types\/product"}],"wp:featuredmedia":[{"embeddable":true,"href":"https:\/\/janssencosmetics.lt\/en\/wp-json\/wp\/v2\/media\/800"}],"wp:attachment":[{"href":"https:\/\/janssencosmetics.lt\/en\/wp-json\/wp\/v2\/media?parent=799"}],"wp:term":[{"taxonomy":"product_cat","embeddable":true,"href":"https:\/\/janssencosmetics.lt\/en\/wp-json\/wp\/v2\/product_cat?post=799"},{"taxonomy":"product_tag","embeddable":true,"href":"https:\/\/janssencosmetics.lt\/en\/wp-json\/wp\/v2\/product_tag?post=799"}],"curies":[{"name":"wp","href":"https:\/\/api.w.org\/{rel}","templated":true}]}}