{"id":795,"date":"2022-12-27T10:41:47","date_gmt":"2022-12-27T10:41:47","guid":{"rendered":"https:\/\/janssencosmetics.lt\/?post_type=product&#038;p=795"},"modified":"2024-08-16T11:27:48","modified_gmt":"2024-08-16T11:27:48","slug":"valantisporas-sutraukiantis-tonikas-riebiai-odai","status":"publish","type":"product","link":"https:\/\/janssencosmetics.lt\/en\/produktas\/valantisporas-sutraukiantis-tonikas-riebiai-odai\/","title":{"rendered":"Valantis, poras sutraukiantis tonikas riebiai odai, 200ml"},"content":{"rendered":"<p>Skirtas riebiai, probleminei odai. Reguliuoja riebal\u0173 i\u0161siskyrim\u0105, pasi\u017eymi raminan\u010diu ir antibakteriniu poveikiu. Sud\u0117tyje n\u0117ra alkoholio.<br \/>\n<strong>Veiklieji komponentai: <\/strong>hidrolizuot\u0173 \u00a0mieli\u0173 \u00a0proteinai, alantoinas.<br \/>\n<strong>Naudojimas: <\/strong>sudr\u0117kinti vatos pagalv\u0117les toniku ir pravalyti \u0161var\u0173 veid\u0105 ir kakl\u0105. Naudoti kaskart po Clarifying Cleansing\u00a0 Gel.<\/p>\n","protected":false},"excerpt":{"rendered":"<p>Tonizuojantis ir gaivinantis veido tonikas.<\/p>\n","protected":false},"featured_media":796,"template":"","meta":[],"product_cat":[26],"product_tag":[],"_links":{"self":[{"href":"https:\/\/janssencosmetics.lt\/en\/wp-json\/wp\/v2\/product\/795"}],"collection":[{"href":"https:\/\/janssencosmetics.lt\/en\/wp-json\/wp\/v2\/product"}],"about":[{"href":"https:\/\/janssencosmetics.lt\/en\/wp-json\/wp\/v2\/types\/product"}],"wp:featuredmedia":[{"embeddable":true,"href":"https:\/\/janssencosmetics.lt\/en\/wp-json\/wp\/v2\/media\/796"}],"wp:attachment":[{"href":"https:\/\/janssencosmetics.lt\/en\/wp-json\/wp\/v2\/media?parent=795"}],"wp:term":[{"taxonomy":"product_cat","embeddable":true,"href":"https:\/\/janssencosmetics.lt\/en\/wp-json\/wp\/v2\/product_cat?post=795"},{"taxonomy":"product_tag","embeddable":true,"href":"https:\/\/janssencosmetics.lt\/en\/wp-json\/wp\/v2\/product_tag?post=795"}],"curies":[{"name":"wp","href":"https:\/\/api.w.org\/{rel}","templated":true}]}}