{"id":779,"date":"2022-12-22T13:17:01","date_gmt":"2022-12-22T13:17:01","guid":{"rendered":"https:\/\/janssencosmetics.lt\/?post_type=product&#038;p=779"},"modified":"2024-08-16T11:28:04","modified_gmt":"2024-08-16T11:28:04","slug":"prausimosi-gelis-su-pantenoliu-ph-6-0","status":"publish","type":"product","link":"https:\/\/janssencosmetics.lt\/en\/produktas\/prausimosi-gelis-su-pantenoliu-ph-6-0\/","title":{"rendered":"Prausimosi gelis su pantenoliu pH 6.0 200ml"},"content":{"rendered":"<p>Inovatyvi formul\u0117 sukurta taip, kad atitikt\u0173 tiek jaunos problemin\u0117s odos poreikius, tiek brandesn\u0117s \u2013 i\u0161saus\u0117jusios, jautrios ir tuo pa\u010diu \u2013 linkusios \u012f b\u0117rimus odos. Paauglyst\u0117je kai atsiranda \u00a0pirmieji \u201epaaugli\u0161ki spuogai\u201c, tai geriausias pasirinkimas kasdieniam naudojimui, siekiant \u0161velniai ir efektyviai pa\u0161alinti odos ne\u0161varumus, riebal\u0173 pertekli\u0173, negyvas\u00a0odos\u00a0l\u0105steles<em>. <\/em>U\u017ekerta keli\u0105 nauj\u0173 u\u017edegimini\u0173 element\u0173 susidarymui. Purifying Cleansing Gel\u00a0 ypa\u010d \u0161velniai valo od\u0105, papildomai dr\u0117kina ir ramina, ma\u017eina paraudim\u0105 ir sudirginim\u0105.Reguliaraus gelio naudojimo rezultatas \u2013 \u0161vari, gra\u017ei, sveika oda!<br \/>\n<strong>Veikliosios med\u017eiagos:<\/strong> Decyl Glucoside (cukraus pagrindo aktyvioji nat\u016brali med\u017eiaga,Pantenolis (provitaminas B5).<br \/>\n<strong>Naudojimas:<\/strong> Dr\u0117gnais delnais u\u017etepkite nedidel\u012f kiek\u012f Purifying Cleansing Gel ant odos, lengvai pamasa\u017euokite ir tada nuplaukite. Nuvalykite od\u0105 Purifying Tonic.<\/p>\n","protected":false},"excerpt":{"rendered":"<p>Purifying Cleansing Gel ypa\u010d \u0161velniai valo od\u0105, papildomai dr\u0117kina ir ramina, ma\u017eina paraudim\u0105 ir sudirginim\u0105.<\/p>\n","protected":false},"featured_media":828,"template":"","meta":[],"product_cat":[26],"product_tag":[],"_links":{"self":[{"href":"https:\/\/janssencosmetics.lt\/en\/wp-json\/wp\/v2\/product\/779"}],"collection":[{"href":"https:\/\/janssencosmetics.lt\/en\/wp-json\/wp\/v2\/product"}],"about":[{"href":"https:\/\/janssencosmetics.lt\/en\/wp-json\/wp\/v2\/types\/product"}],"wp:featuredmedia":[{"embeddable":true,"href":"https:\/\/janssencosmetics.lt\/en\/wp-json\/wp\/v2\/media\/828"}],"wp:attachment":[{"href":"https:\/\/janssencosmetics.lt\/en\/wp-json\/wp\/v2\/media?parent=779"}],"wp:term":[{"taxonomy":"product_cat","embeddable":true,"href":"https:\/\/janssencosmetics.lt\/en\/wp-json\/wp\/v2\/product_cat?post=779"},{"taxonomy":"product_tag","embeddable":true,"href":"https:\/\/janssencosmetics.lt\/en\/wp-json\/wp\/v2\/product_tag?post=779"}],"curies":[{"name":"wp","href":"https:\/\/api.w.org\/{rel}","templated":true}]}}