{"id":733,"date":"2022-12-21T11:14:25","date_gmt":"2022-12-21T11:14:25","guid":{"rendered":"https:\/\/janssencosmetics.lt\/?post_type=product&#038;p=733"},"modified":"2025-05-23T10:13:18","modified_gmt":"2025-05-23T10:13:18","slug":"neuro-odos-balzamas","status":"publish","type":"product","link":"https:\/\/janssencosmetics.lt\/en\/produktas\/neuro-odos-balzamas\/","title":{"rendered":"Neuro odos balzamas, 100ml"},"content":{"rendered":"<p>Balzamas greitai ramina, pa\u0161alina nie\u017e\u0117jim\u0105, mal\u0161ina u\u017edegim\u0105. Atkuria ir sustiprina nat\u016bral\u0173 odos apsaugin\u012f barjer\u0105, suma\u017eina odos reaktyvum\u0105 ir alergin\u0117s reakcijos rizik\u0105. Palaiko optimal\u0173 dr\u0117gm\u0117s lyg\u012f,padeda prailginti neurodermito remisijos faz\u0119, pagreitina regeneracij\u0105 ir sustiprina epidermio barjer\u0105. Naudojant kompleksin\u0119 palaikom\u0105j\u0105 terapij\u0105, priemon\u0117 pastebimai pagerina jautrios odos bei odos, linkusios \u012f atopin\u012f dermatit\u0105 b\u016bkl\u0119.<br \/>\n<strong>Veiklieji komponentai:<\/strong> Ophiopogon japonicus ekstraktas, \u201eSkin Defence Complex +\u201c: labai aktyvus fitokompleksas, pagamintas i\u0161 juod\u0173j\u0173 serbent\u0173 s\u0117kl\u0173 aliejaus,Hialurono r\u016bg\u0161tis, Sacharid\u0173 izomeratas, taukmed\u017eio sviestas, izostearilo izostearatas, \u03b1-bisabololis, alantoinas, skvalenas, vitaminas E.<br \/>\n<strong>Naudojimas:<\/strong> Neuro Skin Balm tepkite ryte ir (arba)vakare pa\u017eeistas ar jautrias odos vietas.<\/p>\n","protected":false},"excerpt":{"rendered":"<p>Balzamas yra skirtas reguliariai intensyviai padid\u0117jusio jautrumo, sudirgusios, stresuotos odos prie\u017ei\u016brai,o taip pat odai, linkusiai \u012f neurodermit\u0105.<\/p>\n","protected":false},"featured_media":1765,"template":"","meta":[],"product_cat":[29],"product_tag":[],"_links":{"self":[{"href":"https:\/\/janssencosmetics.lt\/en\/wp-json\/wp\/v2\/product\/733"}],"collection":[{"href":"https:\/\/janssencosmetics.lt\/en\/wp-json\/wp\/v2\/product"}],"about":[{"href":"https:\/\/janssencosmetics.lt\/en\/wp-json\/wp\/v2\/types\/product"}],"wp:featuredmedia":[{"embeddable":true,"href":"https:\/\/janssencosmetics.lt\/en\/wp-json\/wp\/v2\/media\/1765"}],"wp:attachment":[{"href":"https:\/\/janssencosmetics.lt\/en\/wp-json\/wp\/v2\/media?parent=733"}],"wp:term":[{"taxonomy":"product_cat","embeddable":true,"href":"https:\/\/janssencosmetics.lt\/en\/wp-json\/wp\/v2\/product_cat?post=733"},{"taxonomy":"product_tag","embeddable":true,"href":"https:\/\/janssencosmetics.lt\/en\/wp-json\/wp\/v2\/product_tag?post=733"}],"curies":[{"name":"wp","href":"https:\/\/api.w.org\/{rel}","templated":true}]}}