{"id":716,"date":"2022-12-20T14:34:50","date_gmt":"2022-12-20T14:34:50","guid":{"rendered":"https:\/\/janssencosmetics.lt\/?post_type=product&#038;p=716"},"modified":"2024-08-16T11:30:22","modified_gmt":"2024-08-16T11:30:22","slug":"akimirksniu-raminanti-kauke","status":"publish","type":"product","link":"https:\/\/janssencosmetics.lt\/en\/produktas\/akimirksniu-raminanti-kauke\/","title":{"rendered":"Akimirksniu raminanti kauk\u0117, 75ml"},"content":{"rendered":"<p>Tai neatid\u0117liotinos pagalbos priemon\u0117 sudirgusiai odai, kuri i\u0161kart pa\u0161alina dirginim\u0105 ir tempimo jausm\u0105, akivaizd\u017eiai suma\u017eina paraudim\u0105 ir padidina odos atsparum\u0105 i\u0161or\u0117s dirgikliams. Dr\u0117kina ir saugo od\u0105 72 valandas.Tinka vis\u0173 tip\u0173 odai.<br \/>\n<strong>Veikliosios med\u017eiagos:<\/strong> \u201eFucogel\u00ae\u201c milteliai, Skin Defence Complex ,Izostearilo izostearatas (ISIS), Alantoinas, Sacharid\u0173 Izomeratas.<br \/>\n<strong>Naudojimas:<\/strong> Nor\u0117dami greitai pa\u0161alinti spontani\u0161kas odos reakcijas, storu sluoksniu u\u017etepkite kauk\u0119 ant odos ir leiskite jai visi\u0161kai susigerti, liku\u010dius \u0161velniai nuvalykite servet\u0117le. Galima palikti visai nak\u010diai.<\/p>\n","protected":false},"excerpt":{"rendered":"<p>Greitai raminanti SOS kauk\u0117 veidui.Suteikia greit\u0105 poveik\u012f.<\/p>\n","protected":false},"featured_media":722,"template":"","meta":[],"product_cat":[29],"product_tag":[],"_links":{"self":[{"href":"https:\/\/janssencosmetics.lt\/en\/wp-json\/wp\/v2\/product\/716"}],"collection":[{"href":"https:\/\/janssencosmetics.lt\/en\/wp-json\/wp\/v2\/product"}],"about":[{"href":"https:\/\/janssencosmetics.lt\/en\/wp-json\/wp\/v2\/types\/product"}],"wp:featuredmedia":[{"embeddable":true,"href":"https:\/\/janssencosmetics.lt\/en\/wp-json\/wp\/v2\/media\/722"}],"wp:attachment":[{"href":"https:\/\/janssencosmetics.lt\/en\/wp-json\/wp\/v2\/media?parent=716"}],"wp:term":[{"taxonomy":"product_cat","embeddable":true,"href":"https:\/\/janssencosmetics.lt\/en\/wp-json\/wp\/v2\/product_cat?post=716"},{"taxonomy":"product_tag","embeddable":true,"href":"https:\/\/janssencosmetics.lt\/en\/wp-json\/wp\/v2\/product_tag?post=716"}],"curies":[{"name":"wp","href":"https:\/\/api.w.org\/{rel}","templated":true}]}}