{"id":711,"date":"2022-12-20T13:43:21","date_gmt":"2022-12-20T13:43:21","guid":{"rendered":"https:\/\/janssencosmetics.lt\/?post_type=product&#038;p=711"},"modified":"2024-08-16T09:46:17","modified_gmt":"2024-08-16T09:46:17","slug":"kasdieninis-serumas-nuo-kuperozes","status":"publish","type":"product","link":"https:\/\/janssencosmetics.lt\/en\/produktas\/kasdieninis-serumas-nuo-kuperozes\/","title":{"rendered":"Kasdieninis serumas nuo kuperoz\u0117s, 30ml"},"content":{"rendered":"<p>\u0160velnus, lengvas antikuperozinis serumas su optimaliu veikli\u0173j\u0173 med\u017eiag\u0173 deriniu, specialiai sukurtas jautriai odai ir odai, linkusiai \u012f paraudimus. Be to, jis tinka kaip papildoma lengvosios ro\u017ein\u0117s prie\u017ei\u016bros priemon\u0117. Kompleksas jautriai odai stiprina odos kapiliar\u0173 sistem\u0105 ir ma\u017eina paraudim\u0105. Klinikiniai tyrimai rodo, kad kapiliar\u0173 kraujotaka \u017eymiai suma\u017e\u0117ja &#8211; daugiau kaip 50% (po 56 dien\u0173).Tai akivaizd\u017eiai suma\u017eina ro\u017ein\u0117s po\u017eymius. Turi prie\u0161u\u017edegimin\u012f, prie\u0161alergin\u012f ir antioksidantin\u012f poveik\u012f. Dr\u0117kina ir suteikia apsaug\u0105 72 valandoms.<br \/>\n<strong>Veikliosios med\u017eiagos: <\/strong>RSC neutralizatorius, \u201eSkin Defence Complex +\u201c,ilgosios ir trumposios grandin\u0117s hialurono r\u016bg\u0161tis, \u00a0alantoinas, sacharid\u0173 izomeratas, izostearilo izostearatas (ISIS).<br \/>\n<strong>Naudojimas:<\/strong> Tepkite ryte ir vakare ant \u0161varios odos ir \u0161velniai masa\u017euokite.<\/p>\n","protected":false},"excerpt":{"rendered":"<p>\u0160velnus,lengvas antikuperozinis serumas jautriai odai ir odai linkusiai \u012f paraudimus.<\/p>\n","protected":false},"featured_media":714,"template":"","meta":[],"product_cat":[117,29],"product_tag":[],"_links":{"self":[{"href":"https:\/\/janssencosmetics.lt\/en\/wp-json\/wp\/v2\/product\/711"}],"collection":[{"href":"https:\/\/janssencosmetics.lt\/en\/wp-json\/wp\/v2\/product"}],"about":[{"href":"https:\/\/janssencosmetics.lt\/en\/wp-json\/wp\/v2\/types\/product"}],"wp:featuredmedia":[{"embeddable":true,"href":"https:\/\/janssencosmetics.lt\/en\/wp-json\/wp\/v2\/media\/714"}],"wp:attachment":[{"href":"https:\/\/janssencosmetics.lt\/en\/wp-json\/wp\/v2\/media?parent=711"}],"wp:term":[{"taxonomy":"product_cat","embeddable":true,"href":"https:\/\/janssencosmetics.lt\/en\/wp-json\/wp\/v2\/product_cat?post=711"},{"taxonomy":"product_tag","embeddable":true,"href":"https:\/\/janssencosmetics.lt\/en\/wp-json\/wp\/v2\/product_tag?post=711"}],"curies":[{"name":"wp","href":"https:\/\/api.w.org\/{rel}","templated":true}]}}