{"id":704,"date":"2022-12-20T13:19:39","date_gmt":"2022-12-20T13:19:39","guid":{"rendered":"https:\/\/janssencosmetics.lt\/?post_type=product&#038;p=704"},"modified":"2024-08-16T09:46:33","modified_gmt":"2024-08-16T09:46:33","slug":"intensyviai-raminantis-serumas","status":"publish","type":"product","link":"https:\/\/janssencosmetics.lt\/en\/produktas\/intensyviai-raminantis-serumas\/","title":{"rendered":"Intensyviai raminantis serumas, 30ml"},"content":{"rendered":"<p>Serumas puikiai dr\u0117kina, padidina odos atsparum\u0105 i\u0161or\u0117s dirgikliams, greitai nuramina sudirgusi\u0105 od\u0105, pa\u0161alina paraudim\u0105 ir ilg\u0105 laik\u0105 palaiko komforto\u00a0 jausm\u0105. Nor\u0117dami pasiekti maksimal\u0173 rezultat\u0105, naudokite kartu su raminamuoju kremu Intense Calming Cream.<br \/>\n<strong>Veiklieji <\/strong><strong>komponentai: <\/strong>\u201eSkin Defence Complex +\u201c: labai aktyvus fitokompleksas, pagamintas i\u0161 juod\u0173j\u0173 serbent\u0173 s\u0117kl\u0173 aliejaus, \u03b1-bisabololis, Ilgosios ir trumposios grandin\u0117s hialurono r\u016bg\u0161tis,Alantoinas,D-pantenolis, Sacharid\u0173 izomeratas, Izostearilo izostearatas(ISIS).<br \/>\n<strong>Naudojimas:<\/strong>Tepti ryte ir vakare ant \u0161varios odos, vengiant aki\u0173 srities, leisti susigerti.<\/p>\n","protected":false},"excerpt":{"rendered":"<p>Serumas nuima dirginim\u0105 ir u\u017edegim\u0105, stimuliuoja regeneracij\u0105, stiprina ir atstato odos apsaugin\u012f barjer\u0105, u\u017ekerta keli\u0105 alergin\u0117ms\u00a0 reakcijoms.<\/p>\n","protected":false},"featured_media":709,"template":"","meta":[],"product_cat":[117,22,29],"product_tag":[],"_links":{"self":[{"href":"https:\/\/janssencosmetics.lt\/en\/wp-json\/wp\/v2\/product\/704"}],"collection":[{"href":"https:\/\/janssencosmetics.lt\/en\/wp-json\/wp\/v2\/product"}],"about":[{"href":"https:\/\/janssencosmetics.lt\/en\/wp-json\/wp\/v2\/types\/product"}],"wp:featuredmedia":[{"embeddable":true,"href":"https:\/\/janssencosmetics.lt\/en\/wp-json\/wp\/v2\/media\/709"}],"wp:attachment":[{"href":"https:\/\/janssencosmetics.lt\/en\/wp-json\/wp\/v2\/media?parent=704"}],"wp:term":[{"taxonomy":"product_cat","embeddable":true,"href":"https:\/\/janssencosmetics.lt\/en\/wp-json\/wp\/v2\/product_cat?post=704"},{"taxonomy":"product_tag","embeddable":true,"href":"https:\/\/janssencosmetics.lt\/en\/wp-json\/wp\/v2\/product_tag?post=704"}],"curies":[{"name":"wp","href":"https:\/\/api.w.org\/{rel}","templated":true}]}}