{"id":701,"date":"2022-12-20T13:09:17","date_gmt":"2022-12-20T13:09:17","guid":{"rendered":"https:\/\/janssencosmetics.lt\/?post_type=product&#038;p=701"},"modified":"2026-01-19T14:59:32","modified_gmt":"2026-01-19T14:59:32","slug":"intensyviai-raminantis-kremas","status":"publish","type":"product","link":"https:\/\/janssencosmetics.lt\/en\/produktas\/intensyviai-raminantis-kremas\/","title":{"rendered":"Intensyviai raminantis kremas, 50ml"},"content":{"rendered":"<p>Subtilios tekst\u016bros kremas suma\u017eina dirginim\u0105 ir u\u017edegim\u0105, stimuliuoja odos regeneracij\u0105, stiprina ir atstato jos apsaugin\u012f barjer\u0105, u\u017ekertant keli\u0105\u00a0 alerginei reakcijai. Mal\u0161ina patinim\u0105 ir nie\u017e\u0117jim\u0105, suteikia gil\u0173 ir ilgalaik\u012f dr\u0117kinim\u0105. Tinka vis\u0173 tip\u0173 jautriai odai, taip pat ypa\u010d rekomenduojama odai, linkusiai \u012f atopij\u0105, dermatit\u0105,ro\u017ein\u0119. Tinka masa\u017eui.<br \/>\n<strong>Veiklieji <\/strong><strong>komponentai: <\/strong>\u201eSkin Defence Complex +\u201c: labai aktyvus fitokompleksas, pagamintas i\u0161 juod\u0173j\u0173 serbent\u0173 s\u0117kl\u0173 aliejaus, Ilgosios ir trumposios\u00a0 grandin\u0117s hialurono r\u016bg\u0161tis,Sacharid\u0173 izomeratas,taukmed\u0163io sviestas,Izostearilo izostearatas (ISIS), bisabololis,alantoinas,kvalenas,vitamin acetatas.<br \/>\n<strong>Naudojimas:<\/strong> Ryte ir (arba) vakare tepkite veid\u0105, kakl\u0105 ir dekolt\u0117 od\u0105 Intense Calming Cream vengiant aki\u0173 srities, leisti susigerti.<\/p>\n","protected":false},"excerpt":{"rendered":"<p>Kremas apsaugo ir maitina jautri\u0105 od\u0105 vis\u0105 dien\u0105 ir regeneruoja nakt\u012f.<\/p>\n","protected":false},"featured_media":3166,"template":"","meta":[],"product_cat":[22,29,24],"product_tag":[],"_links":{"self":[{"href":"https:\/\/janssencosmetics.lt\/en\/wp-json\/wp\/v2\/product\/701"}],"collection":[{"href":"https:\/\/janssencosmetics.lt\/en\/wp-json\/wp\/v2\/product"}],"about":[{"href":"https:\/\/janssencosmetics.lt\/en\/wp-json\/wp\/v2\/types\/product"}],"wp:featuredmedia":[{"embeddable":true,"href":"https:\/\/janssencosmetics.lt\/en\/wp-json\/wp\/v2\/media\/3166"}],"wp:attachment":[{"href":"https:\/\/janssencosmetics.lt\/en\/wp-json\/wp\/v2\/media?parent=701"}],"wp:term":[{"taxonomy":"product_cat","embeddable":true,"href":"https:\/\/janssencosmetics.lt\/en\/wp-json\/wp\/v2\/product_cat?post=701"},{"taxonomy":"product_tag","embeddable":true,"href":"https:\/\/janssencosmetics.lt\/en\/wp-json\/wp\/v2\/product_tag?post=701"}],"curies":[{"name":"wp","href":"https:\/\/api.w.org\/{rel}","templated":true}]}}