{"id":698,"date":"2022-12-20T12:30:17","date_gmt":"2022-12-20T12:30:17","guid":{"rendered":"https:\/\/janssencosmetics.lt\/?post_type=product&#038;p=698"},"modified":"2024-08-16T11:31:17","modified_gmt":"2024-08-16T11:31:17","slug":"svelnus-raminamasis-tonikas","status":"publish","type":"product","link":"https:\/\/janssencosmetics.lt\/en\/produktas\/svelnus-raminamasis-tonikas\/","title":{"rendered":"\u0160velnus raminamasis tonikas, 200ml"},"content":{"rendered":"<p>Raminamasis tonikas be alkoholio labai \u0161velniai pa\u0161alina ne\u0161varum\u0173 daleles, ramina ir dr\u0117kina od\u0105. greitai pa\u0161alina dirginim\u0105, paraudim\u0105 ir patinimus, pasi\u0163ymi antioksidantiniu poveikiu, palaiko fiziologin\u012f odos pH, neturi da\u017eikli\u0173. Tonikas u\u017ebaigia valymo faz\u0119, pa\u0161alina sausum\u0105, pagerina veido spalv\u0105, \u0161iek tiek v\u0117sina ir gaivina od\u0105, idealiai paruo\u0161damas od\u0105 tolesnei prie\u017ei\u016brai.Tinka vis\u0173 tip\u0173 odai. Patarimas: Tonikas puikiai atv\u0117sina, ramina ir gaivina od\u0105 po skutimosi, veido plauk\u0173 \u0161alinimo ir epiliacijos.<br \/>\n<strong>Veiklieji komponentai:<\/strong> m\u0117sininko \u0161luota, medetkos, arklio ka\u0161tonas ir saldymed\u017eio \u0161aknis, Alantoinas,Hidroksiacitofenonas, antioksidantas.<br \/>\n<strong>Naudojimas:<\/strong> Pirmiausia veidas tur\u0117t\u0173 b\u016bti gerai nuvalytas bei nupraustas prausikliu. Tik tada reik\u0117t\u0173 suvilgyti vatos tampon\u0117l\u012f toniku ir \u0161velniais judesiais suvilgomas visas veidas. Tonik\u0105 naudoti reikia vakare ir ryte.<\/p>\n","protected":false},"excerpt":{"rendered":"<p>Raminamasis tonikas sukurtas jautriai,\u012f paraudim\u0105 linkusiai odai.<\/p>\n","protected":false},"featured_media":699,"template":"","meta":[],"product_cat":[29],"product_tag":[],"_links":{"self":[{"href":"https:\/\/janssencosmetics.lt\/en\/wp-json\/wp\/v2\/product\/698"}],"collection":[{"href":"https:\/\/janssencosmetics.lt\/en\/wp-json\/wp\/v2\/product"}],"about":[{"href":"https:\/\/janssencosmetics.lt\/en\/wp-json\/wp\/v2\/types\/product"}],"wp:featuredmedia":[{"embeddable":true,"href":"https:\/\/janssencosmetics.lt\/en\/wp-json\/wp\/v2\/media\/699"}],"wp:attachment":[{"href":"https:\/\/janssencosmetics.lt\/en\/wp-json\/wp\/v2\/media?parent=698"}],"wp:term":[{"taxonomy":"product_cat","embeddable":true,"href":"https:\/\/janssencosmetics.lt\/en\/wp-json\/wp\/v2\/product_cat?post=698"},{"taxonomy":"product_tag","embeddable":true,"href":"https:\/\/janssencosmetics.lt\/en\/wp-json\/wp\/v2\/product_tag?post=698"}],"curies":[{"name":"wp","href":"https:\/\/api.w.org\/{rel}","templated":true}]}}