{"id":692,"date":"2022-12-20T11:37:09","date_gmt":"2022-12-20T11:37:09","guid":{"rendered":"https:\/\/janssencosmetics.lt\/?post_type=product&#038;p=692"},"modified":"2026-04-01T18:31:15","modified_gmt":"2026-04-01T18:31:15","slug":"svelnios-prausimosi-putos","status":"publish","type":"product","link":"https:\/\/janssencosmetics.lt\/en\/produktas\/svelnios-prausimosi-putos\/","title":{"rendered":"\u0160velnios prausimosi putos, 150ml"},"content":{"rendered":"<p>Lengvos valomosios putos su neutraliu Ph maloniai ir \u0161velniai pa\u0161alina odos ne\u0161varumus ir makia\u017e\u0105. Orin\u0117s tekst\u016bros priemon\u0117 lengvai pasiskirsto ant odos, nesukeldama mechaninio ar cheminio dirginimo.Valomosios putos ramina, mink\u0161tina ir dr\u0117kina od\u0105,su teikia komforto. Puikiai tinka vis\u0173 tip\u0173 jautriai odai.<br \/>\n<strong>Veiklieji komponentai:<\/strong> Alantoinas.<br \/>\n<strong>Naudojimas:<\/strong> 2-3 paspaudimai ant veido, kaklo ir dekolt\u0117. Nuplaukite \u0161iltu vandeniu ir tonizuokite od\u0105 \u0161velniu raminan\u010diu toniku.<\/p>\n","protected":false},"excerpt":{"rendered":"<p>\u0160velnios valomosios putos su alantoinu.<\/p>\n","protected":false},"featured_media":695,"template":"","meta":[],"product_cat":[29],"product_tag":[],"_links":{"self":[{"href":"https:\/\/janssencosmetics.lt\/en\/wp-json\/wp\/v2\/product\/692"}],"collection":[{"href":"https:\/\/janssencosmetics.lt\/en\/wp-json\/wp\/v2\/product"}],"about":[{"href":"https:\/\/janssencosmetics.lt\/en\/wp-json\/wp\/v2\/types\/product"}],"wp:featuredmedia":[{"embeddable":true,"href":"https:\/\/janssencosmetics.lt\/en\/wp-json\/wp\/v2\/media\/695"}],"wp:attachment":[{"href":"https:\/\/janssencosmetics.lt\/en\/wp-json\/wp\/v2\/media?parent=692"}],"wp:term":[{"taxonomy":"product_cat","embeddable":true,"href":"https:\/\/janssencosmetics.lt\/en\/wp-json\/wp\/v2\/product_cat?post=692"},{"taxonomy":"product_tag","embeddable":true,"href":"https:\/\/janssencosmetics.lt\/en\/wp-json\/wp\/v2\/product_tag?post=692"}],"curies":[{"name":"wp","href":"https:\/\/api.w.org\/{rel}","templated":true}]}}