{"id":688,"date":"2022-12-20T09:42:02","date_gmt":"2022-12-20T09:42:02","guid":{"rendered":"https:\/\/janssencosmetics.lt\/?post_type=product&#038;p=688"},"modified":"2024-05-02T06:46:01","modified_gmt":"2024-05-02T06:46:01","slug":"riebalines-liaukas-reguliuojantis-koncentratas","status":"publish","type":"product","link":"https:\/\/janssencosmetics.lt\/en\/produktas\/riebalines-liaukas-reguliuojantis-koncentratas\/","title":{"rendered":"Riebalines liaukas reguliuojantis koncentratas, 30ml"},"content":{"rendered":"<p>Aktyvi\u0173 med\u017eiag\u0173 koncentratas mi\u0161riai odai ma\u017eina poras, panaikina rieb\u0173 odos blizges\u012f.<br \/>\n<strong>Veiklieji komponentai:<\/strong> sebum\u0105 reguliuojantis kompleksas (Oleanolio r\u016bg\u0161tis),raudon\u0173j\u0173 dumbli\u0173 (Chondrus crispus) ekstraktas, gryb\u0173 ekstraktas Fomes officinalis, hialurono r\u016bg\u0161tis.<br \/>\n<strong>Naudojimas:<\/strong> naudoti rytais ir vakaras ant riebios veido srities, leisti \u012fsigerti, ant vir\u0161aus naudoti atitinkam\u0105 krem\u0105.<\/p>\n","protected":false},"excerpt":{"rendered":"<p>Aktyvi\u0173 med\u017eiag\u0173 koncentratas mi\u0161riai odai &#8211; reguliuoja riebalini\u0173 liauk\u0173 veikl\u0105.<\/p>\n","protected":false},"featured_media":689,"template":"","meta":[],"product_cat":[27,117,24],"product_tag":[],"_links":{"self":[{"href":"https:\/\/janssencosmetics.lt\/en\/wp-json\/wp\/v2\/product\/688"}],"collection":[{"href":"https:\/\/janssencosmetics.lt\/en\/wp-json\/wp\/v2\/product"}],"about":[{"href":"https:\/\/janssencosmetics.lt\/en\/wp-json\/wp\/v2\/types\/product"}],"wp:featuredmedia":[{"embeddable":true,"href":"https:\/\/janssencosmetics.lt\/en\/wp-json\/wp\/v2\/media\/689"}],"wp:attachment":[{"href":"https:\/\/janssencosmetics.lt\/en\/wp-json\/wp\/v2\/media?parent=688"}],"wp:term":[{"taxonomy":"product_cat","embeddable":true,"href":"https:\/\/janssencosmetics.lt\/en\/wp-json\/wp\/v2\/product_cat?post=688"},{"taxonomy":"product_tag","embeddable":true,"href":"https:\/\/janssencosmetics.lt\/en\/wp-json\/wp\/v2\/product_tag?post=688"}],"curies":[{"name":"wp","href":"https:\/\/api.w.org\/{rel}","templated":true}]}}