{"id":672,"date":"2022-12-19T14:39:19","date_gmt":"2022-12-19T14:39:19","guid":{"rendered":"https:\/\/janssencosmetics.lt\/?post_type=product&#038;p=672"},"modified":"2026-01-17T20:48:03","modified_gmt":"2026-01-17T20:48:03","slug":"svelnivalanti-pudra-visiems-odos-tipams","status":"publish","type":"product","link":"https:\/\/janssencosmetics.lt\/en\/produktas\/svelnivalanti-pudra-visiems-odos-tipams\/","title":{"rendered":"\u0160velni,valanti pudra visiems odos tipams, 100gr"},"content":{"rendered":"<p>\u0160velni valomoji pudra visiems odos tipams. Milteliai tirp\u016bs vandenyje, turi malon\u0173, gaiv\u0173 aromat\u0105.<br \/>\n<strong>Veiklieji komponentai: <\/strong>hidrolizuotas kukur\u016bz\u0173 krakmolas, silicio dioksidas, amino r\u016bg\u0161\u010di\u0173 tenzidai, biosintetiniai peptidai.<br \/>\n<strong>Naudojimas: <\/strong>naudoti kasdien ryte ir vakare. Pudros miltelius i\u0161berti ant delno, sumai\u0161yti su vandeniu (turi suputoti) ir prausti veid\u0105. Visk\u0105 pa\u0161alinti vandeniu. Vengti paaki\u0173 srities.<strong>\u00a0\u00a0\u00a0\u00a0\u00a0\u00a0\u00a0\u00a0\u00a0\u00a0\u00a0\u00a0\u00a0\u00a0\u00a0\u00a0\u00a0\u00a0\u00a0\u00a0\u00a0\u00a0\u00a0\u00a0\u00a0\u00a0\u00a0\u00a0\u00a0\u00a0\u00a0\u00a0\u00a0\u00a0\u00a0\u00a0\u00a0\u00a0\u00a0\u00a0\u00a0\u00a0\u00a0\u00a0\u00a0\u00a0\u00a0\u00a0\u00a0\u00a0\u00a0\u00a0\u00a0\u00a0\u00a0\u00a0\u00a0\u00a0\u00a0\u00a0\u00a0\u00a0\u00a0\u00a0\u00a0\u00a0\u00a0\u00a0\u00a0\u00a0\u00a0\u00a0\u00a0\u00a0\u00a0\u00a0\u00a0\u00a0\u00a0\u00a0\u00a0\u00a0\u00a0\u00a0\u00a0\u00a0\u00a0\u00a0\u00a0\u00a0 \u00a0\u00a0\u00a0\u00a0\u00a0\u00a0\u00a0\u00a0\u00a0\u00a0\u00a0\u00a0\u00a0\u00a0\u00a0\u00a0\u00a0\u00a0\u00a0\u00a0\u00a0\u00a0\u00a0\u00a0\u00a0\u00a0\u00a0\u00a0\u00a0\u00a0\u00a0\u00a0\u00a0\u00a0\u00a0<\/strong><\/p>\n","protected":false},"excerpt":{"rendered":"<p>Suteikia odai nepaprast\u0105 \u0161varumo poj\u016bt\u012f, gaivumo ir komforto jausm\u0105.<\/p>\n","protected":false},"featured_media":3438,"template":"","meta":[],"product_cat":[34,27,24],"product_tag":[],"_links":{"self":[{"href":"https:\/\/janssencosmetics.lt\/en\/wp-json\/wp\/v2\/product\/672"}],"collection":[{"href":"https:\/\/janssencosmetics.lt\/en\/wp-json\/wp\/v2\/product"}],"about":[{"href":"https:\/\/janssencosmetics.lt\/en\/wp-json\/wp\/v2\/types\/product"}],"wp:featuredmedia":[{"embeddable":true,"href":"https:\/\/janssencosmetics.lt\/en\/wp-json\/wp\/v2\/media\/3438"}],"wp:attachment":[{"href":"https:\/\/janssencosmetics.lt\/en\/wp-json\/wp\/v2\/media?parent=672"}],"wp:term":[{"taxonomy":"product_cat","embeddable":true,"href":"https:\/\/janssencosmetics.lt\/en\/wp-json\/wp\/v2\/product_cat?post=672"},{"taxonomy":"product_tag","embeddable":true,"href":"https:\/\/janssencosmetics.lt\/en\/wp-json\/wp\/v2\/product_tag?post=672"}],"curies":[{"name":"wp","href":"https:\/\/api.w.org\/{rel}","templated":true}]}}