{"id":667,"date":"2022-12-15T14:50:27","date_gmt":"2022-12-15T14:50:27","guid":{"rendered":"https:\/\/janssencosmetics.lt\/?post_type=product&#038;p=667"},"modified":"2025-01-27T15:35:45","modified_gmt":"2025-01-27T15:35:45","slug":"kapsules-su-hialurono-rugstimi","status":"publish","type":"product","link":"https:\/\/janssencosmetics.lt\/en\/produktas\/kapsules-su-hialurono-rugstimi\/","title":{"rendered":"Kapsul\u0117s su hialurono r\u016bg\u0161timi, 50vnt"},"content":{"rendered":"<p>Giliai pripildo dr\u0117gme i\u0161saus\u0117jusi\u0105 od\u0105. Akimirksniu gerina odos tekst\u016br\u0105, giliai dr\u0117kina, lygina rauk\u0161les, suteikia odai \u0161ilkinio mink\u0161tumo. Puiki priemon\u0117 prie\u0161 makia\u017e\u0105. Skirta vis\u0173 tip\u0173 odai.<br \/>\n<strong>Veiklieji komponentai:<\/strong> ilg\u0173j\u0173 ir trump\u0173j\u0173 grandini\u0173 hialurono r\u016bg\u0161tis, dviguba peptid\u0173 sistema.<br \/>\n<strong>Naudojimas:<\/strong> Atidaryti kapsul\u0119, i\u0161spausti vis\u0105 turin\u012f ant pir\u0161t\u0173, paskirstyti ir u\u017etepti ant veido,vengiant aki\u0173 srities. Ant vir\u0161aus galima naudoti dienin\u012f arba naktin\u012f krem\u0105.<\/p>\n","protected":false},"excerpt":{"rendered":"<p>Vertingomis med\u017eiagomis papildyta odos prie\u017ei\u016bros priemon\u0117 viendoz\u0117je kapsul\u0117je su ilg\u0173j\u0173 ir trump\u0173j\u0173 grandini\u0173 hialurono r\u016bg\u0161timi.<\/p>\n","protected":false},"featured_media":668,"template":"","meta":[],"product_cat":[34,39,28,117,24],"product_tag":[],"_links":{"self":[{"href":"https:\/\/janssencosmetics.lt\/en\/wp-json\/wp\/v2\/product\/667"}],"collection":[{"href":"https:\/\/janssencosmetics.lt\/en\/wp-json\/wp\/v2\/product"}],"about":[{"href":"https:\/\/janssencosmetics.lt\/en\/wp-json\/wp\/v2\/types\/product"}],"wp:featuredmedia":[{"embeddable":true,"href":"https:\/\/janssencosmetics.lt\/en\/wp-json\/wp\/v2\/media\/668"}],"wp:attachment":[{"href":"https:\/\/janssencosmetics.lt\/en\/wp-json\/wp\/v2\/media?parent=667"}],"wp:term":[{"taxonomy":"product_cat","embeddable":true,"href":"https:\/\/janssencosmetics.lt\/en\/wp-json\/wp\/v2\/product_cat?post=667"},{"taxonomy":"product_tag","embeddable":true,"href":"https:\/\/janssencosmetics.lt\/en\/wp-json\/wp\/v2\/product_tag?post=667"}],"curies":[{"name":"wp","href":"https:\/\/api.w.org\/{rel}","templated":true}]}}