{"id":663,"date":"2022-12-15T14:22:21","date_gmt":"2022-12-15T14:22:21","guid":{"rendered":"https:\/\/janssencosmetics.lt\/?post_type=product&#038;p=663"},"modified":"2025-10-23T15:04:11","modified_gmt":"2025-10-23T15:04:11","slug":"intensyviai-drekinanti-geline-kauke","status":"publish","type":"product","link":"https:\/\/janssencosmetics.lt\/en\/produktas\/intensyviai-drekinanti-geline-kauke\/","title":{"rendered":"Intensyviai dr\u0117kinanti gelin\u0117 kauk\u0117, 75ml"},"content":{"rendered":"<p>D\u0117l aktyvi\u0173j\u0173 med\u017eiag\u0173, kauk\u0117 akimirksniu suteikia odai gaivumo poj\u016bt\u012f ir energijos ilgam laikui. Oda tampa lygi, mink\u0161ta ir \u0161velni kaip \u0161ilkas. Po 24 val. kauk\u0117s panaudojimo, dr\u0117gm\u0117s lygis odoje padid\u0117ja 20%. Skirta vis\u0173 tip\u0173 odai.<br \/>\n<strong>Veiklieji komponentai:<\/strong> Hydro Express kompleksas,Pululanas.<br \/>\n<strong>Naudojimas:<\/strong> Tepti kauk\u0119 ant veido, kaklo, dekolte ir paaki\u0173 odos. Palikti 5 &#8211; 20 min. nuplauti vandeniu arba nuvalyti dr\u0117gna servet\u0117le.<\/p>\n","protected":false},"excerpt":{"rendered":"<p>Gelin\u0117s konsistencijos kauk\u0117 i\u0161laiko dr\u0117gm\u0119 odoje iki 24 val. Tinka visiems odos tipams, \u012fskaitant ir jautri\u0105 od\u0105.<\/p>\n","protected":false},"featured_media":664,"template":"","meta":[],"product_cat":[28,24],"product_tag":[],"_links":{"self":[{"href":"https:\/\/janssencosmetics.lt\/en\/wp-json\/wp\/v2\/product\/663"}],"collection":[{"href":"https:\/\/janssencosmetics.lt\/en\/wp-json\/wp\/v2\/product"}],"about":[{"href":"https:\/\/janssencosmetics.lt\/en\/wp-json\/wp\/v2\/types\/product"}],"wp:featuredmedia":[{"embeddable":true,"href":"https:\/\/janssencosmetics.lt\/en\/wp-json\/wp\/v2\/media\/664"}],"wp:attachment":[{"href":"https:\/\/janssencosmetics.lt\/en\/wp-json\/wp\/v2\/media?parent=663"}],"wp:term":[{"taxonomy":"product_cat","embeddable":true,"href":"https:\/\/janssencosmetics.lt\/en\/wp-json\/wp\/v2\/product_cat?post=663"},{"taxonomy":"product_tag","embeddable":true,"href":"https:\/\/janssencosmetics.lt\/en\/wp-json\/wp\/v2\/product_tag?post=663"}],"curies":[{"name":"wp","href":"https:\/\/api.w.org\/{rel}","templated":true}]}}