{"id":659,"date":"2022-12-15T14:01:07","date_gmt":"2022-12-15T14:01:07","guid":{"rendered":"https:\/\/janssencosmetics.lt\/?post_type=product&#038;p=659"},"modified":"2024-08-16T10:49:07","modified_gmt":"2024-08-16T10:49:07","slug":"drekinamasis-gelis-paakiu-zonai","status":"publish","type":"product","link":"https:\/\/janssencosmetics.lt\/en\/produktas\/drekinamasis-gelis-paakiu-zonai\/","title":{"rendered":"Dr\u0117kinamasis gelis paaki\u0173 zonai, 15ml"},"content":{"rendered":"<p>Gaivinantis ir v\u0117sinantis gelis skirtas jautriai paaki\u0173 odos prie\u017ei\u016brai. Lygina<strong>\u00a0<\/strong>sausumo sukeltas rauk\u0161leles, ma\u017eina patinim\u0105, \u0161alina tamsius ratilus po akimis ir maloniai v\u0117sina. Nepalieka riebios pl\u0117vel\u0117s. Idealiai tinka ne\u0161iojantiems kontaktinius l\u0119\u0161ius.<br \/>\n<strong>Veiklieji komponentai:<\/strong> ilg\u0173j\u0173 ir trump\u0173j\u0173 grandini\u0173 hialurono r\u016bg\u0161tis, ekstraktas Imperata cylindrica, kompleksas Sensitive.<br \/>\n<strong>Naudojimas:<\/strong>Naudoti ryte ir vakare. Galite nauduoti at\u0161aldyt\u0105.<\/p>\n","protected":false},"excerpt":{"rendered":"<p>Gaivinantis ir v\u0117sinantis gelis skirtas jautrios paaki\u0173 odos prie\u017ei\u016brai<\/p>\n","protected":false},"featured_media":660,"template":"","meta":[],"product_cat":[28,24],"product_tag":[],"_links":{"self":[{"href":"https:\/\/janssencosmetics.lt\/en\/wp-json\/wp\/v2\/product\/659"}],"collection":[{"href":"https:\/\/janssencosmetics.lt\/en\/wp-json\/wp\/v2\/product"}],"about":[{"href":"https:\/\/janssencosmetics.lt\/en\/wp-json\/wp\/v2\/types\/product"}],"wp:featuredmedia":[{"embeddable":true,"href":"https:\/\/janssencosmetics.lt\/en\/wp-json\/wp\/v2\/media\/660"}],"wp:attachment":[{"href":"https:\/\/janssencosmetics.lt\/en\/wp-json\/wp\/v2\/media?parent=659"}],"wp:term":[{"taxonomy":"product_cat","embeddable":true,"href":"https:\/\/janssencosmetics.lt\/en\/wp-json\/wp\/v2\/product_cat?post=659"},{"taxonomy":"product_tag","embeddable":true,"href":"https:\/\/janssencosmetics.lt\/en\/wp-json\/wp\/v2\/product_tag?post=659"}],"curies":[{"name":"wp","href":"https:\/\/api.w.org\/{rel}","templated":true}]}}