{"id":654,"date":"2022-12-15T13:45:37","date_gmt":"2022-12-15T13:45:37","guid":{"rendered":"https:\/\/janssencosmetics.lt\/?post_type=product&#038;p=654"},"modified":"2026-03-04T09:59:56","modified_gmt":"2026-03-04T09:59:56","slug":"intensyviai-maitinamasis-ir-drekinantis-serumas","status":"publish","type":"product","link":"https:\/\/janssencosmetics.lt\/en\/produktas\/intensyviai-maitinamasis-ir-drekinantis-serumas\/","title":{"rendered":"Intensyviai maitinamasis ir drekinamasis serumas, 30ml"},"content":{"rendered":"<p>Koncentratas intensyviai dr\u0117kina od\u0105 visuose lygiuose. Tai \u012fmanoma d\u0117l formul\u0117s, kuri apima biotechnologiniu b\u016bdu gautas trumposios ir ilgosios grandin\u0117s hialurono r\u016bg\u0161tis. Giliai \u012fsiskverbdamas \u012f od\u0105, jis veiksmingai mal\u0161in\u0105 odos &#8220;tro\u0161kul\u012f&#8221; ir padeda i\u0161laikyti dr\u0117gm\u0119, palaiko jungiamojo audinio strukt\u016br\u0105, i\u0161lygina rauk\u0161les sukeltas sausumo, akimirksniu suteikia odai gaivumo ir spindesio!<br \/>\n<strong>Veiklieji komponentai:<\/strong> ilg\u0173j\u0173 ir trump\u0173j\u0173 grandini\u0173 hialurono r\u016bg\u0161tis, dumbli\u0173 ekstraktai Codium tomentosum,ekstraktas Imperata cylindrica, polisacharidai.<br \/>\n<strong>Naudojimas: <\/strong>Naudoti kursu dien\u0105 ir\/ar vakare. Nedidel\u012f produkto kiek\u012f u\u017etepti ant \u0161varios veido odos, leisti \u012fsigerti, ant vir\u0161aus u\u017etepti dienin\u012f ar naktin\u012f krem\u0105.<\/p>\n","protected":false},"excerpt":{"rendered":"<p>Greitoji pagalba i\u0161saus\u0117jusiai odai!<\/p>\n","protected":false},"featured_media":657,"template":"","meta":[],"product_cat":[28,117,24],"product_tag":[],"_links":{"self":[{"href":"https:\/\/janssencosmetics.lt\/en\/wp-json\/wp\/v2\/product\/654"}],"collection":[{"href":"https:\/\/janssencosmetics.lt\/en\/wp-json\/wp\/v2\/product"}],"about":[{"href":"https:\/\/janssencosmetics.lt\/en\/wp-json\/wp\/v2\/types\/product"}],"wp:featuredmedia":[{"embeddable":true,"href":"https:\/\/janssencosmetics.lt\/en\/wp-json\/wp\/v2\/media\/657"}],"wp:attachment":[{"href":"https:\/\/janssencosmetics.lt\/en\/wp-json\/wp\/v2\/media?parent=654"}],"wp:term":[{"taxonomy":"product_cat","embeddable":true,"href":"https:\/\/janssencosmetics.lt\/en\/wp-json\/wp\/v2\/product_cat?post=654"},{"taxonomy":"product_tag","embeddable":true,"href":"https:\/\/janssencosmetics.lt\/en\/wp-json\/wp\/v2\/product_tag?post=654"}],"curies":[{"name":"wp","href":"https:\/\/api.w.org\/{rel}","templated":true}]}}