{"id":647,"date":"2022-12-15T12:24:28","date_gmt":"2022-12-15T12:24:28","guid":{"rendered":"https:\/\/janssencosmetics.lt\/?post_type=product&#038;p=647"},"modified":"2024-08-16T10:50:04","modified_gmt":"2024-08-16T10:50:04","slug":"intensyviai-drekinantis-kremas","status":"publish","type":"product","link":"https:\/\/janssencosmetics.lt\/en\/produktas\/intensyviai-drekinantis-kremas\/","title":{"rendered":"Intensyviai dr\u0117kinantis kremas, 50ml"},"content":{"rendered":"<p>Kremas puikiai dr\u0117kina ir maitina od\u0105 vis\u0105 dien\u0105, apsaugo j\u0105 nuo neigiam\u0173 i\u0161orini\u0173 veiksni\u0173 (saul\u0117s, v\u0117jo, hipotermijos) poveikio, i\u0161lygina rauk\u0161les sukeltas sausumo, atstato odos elastingum\u0105.<br \/>\n<strong>Veiklieji komponentai:<\/strong>Imperata cylindrica,Sacharido izomeratas,Trij\u0173 skirting\u0173 dyd\u017ei\u0173 molekuli\u0173 r\u016bg\u0161tis, Makadamij\u0173 aliejus, Taukmed\u017eio sviestas, Alantoinas.<br \/>\n<strong>Naudojimas:<\/strong> Naudoti ant \u0161variai nuvalytos odos ryte ir\/arba vakare.<\/p>\n","protected":false},"excerpt":{"rendered":"<p>Intensyviai dr\u0117kinantis kremas skirtas sausai odai.<\/p>\n","protected":false},"featured_media":648,"template":"","meta":[],"product_cat":[28,24],"product_tag":[],"_links":{"self":[{"href":"https:\/\/janssencosmetics.lt\/en\/wp-json\/wp\/v2\/product\/647"}],"collection":[{"href":"https:\/\/janssencosmetics.lt\/en\/wp-json\/wp\/v2\/product"}],"about":[{"href":"https:\/\/janssencosmetics.lt\/en\/wp-json\/wp\/v2\/types\/product"}],"wp:featuredmedia":[{"embeddable":true,"href":"https:\/\/janssencosmetics.lt\/en\/wp-json\/wp\/v2\/media\/648"}],"wp:attachment":[{"href":"https:\/\/janssencosmetics.lt\/en\/wp-json\/wp\/v2\/media?parent=647"}],"wp:term":[{"taxonomy":"product_cat","embeddable":true,"href":"https:\/\/janssencosmetics.lt\/en\/wp-json\/wp\/v2\/product_cat?post=647"},{"taxonomy":"product_tag","embeddable":true,"href":"https:\/\/janssencosmetics.lt\/en\/wp-json\/wp\/v2\/product_tag?post=647"}],"curies":[{"name":"wp","href":"https:\/\/api.w.org\/{rel}","templated":true}]}}