{"id":644,"date":"2022-12-15T11:46:54","date_gmt":"2022-12-15T11:46:54","guid":{"rendered":"https:\/\/janssencosmetics.lt\/?post_type=product&#038;p=644"},"modified":"2025-12-03T12:49:35","modified_gmt":"2025-12-03T12:49:35","slug":"intensyviai-drekinantis-gelis-su-hialurono-rugstimi","status":"publish","type":"product","link":"https:\/\/janssencosmetics.lt\/en\/produktas\/intensyviai-drekinantis-gelis-su-hialurono-rugstimi\/","title":{"rendered":"Intensyviai dr\u0117kinantis gelis su hialurono r\u016bg\u0161timi, 50ml"},"content":{"rendered":"<p>Unikalus dr\u0117kinamasis gelis, skirtas ilgalaikiam ir optimaliam odos dr\u0117kinimui. Puikiai sudr\u0117kinta oda atgauna \u0161velnum\u0105 bei glotnum\u0105. Hydro Active dr\u0117kinantis gelis tinka visiems odos tipams, \u012fskaitant riebi\u0105 od\u0105. Gel\u012f galima \u012fvesti su ultragarsu.<br \/>\n<strong>Veiklieji komponentai: <\/strong>stimuliuojantis peptidas Aquaporin (ASP), dr\u0117kinamasis kompleksas i\u0161 hialurono r\u016bg\u0161ties ir Atlanto \u0163ali\u0173j\u0173 dumbli\u0173, provitaminas B5.<br \/>\n<strong>Naudojimas: <\/strong>Naudojamas ryte ir\/arba vakare, kartu su kitu kremu arba vienas.<\/p>\n","protected":false},"excerpt":{"rendered":"<p>Unikalus dr\u0117kinamasis gelis, skirtas ilgalaikiam ir optimaliam odos dr\u0117kinimui.<\/p>\n","protected":false},"featured_media":645,"template":"","meta":[],"product_cat":[28,24],"product_tag":[],"_links":{"self":[{"href":"https:\/\/janssencosmetics.lt\/en\/wp-json\/wp\/v2\/product\/644"}],"collection":[{"href":"https:\/\/janssencosmetics.lt\/en\/wp-json\/wp\/v2\/product"}],"about":[{"href":"https:\/\/janssencosmetics.lt\/en\/wp-json\/wp\/v2\/types\/product"}],"wp:featuredmedia":[{"embeddable":true,"href":"https:\/\/janssencosmetics.lt\/en\/wp-json\/wp\/v2\/media\/645"}],"wp:attachment":[{"href":"https:\/\/janssencosmetics.lt\/en\/wp-json\/wp\/v2\/media?parent=644"}],"wp:term":[{"taxonomy":"product_cat","embeddable":true,"href":"https:\/\/janssencosmetics.lt\/en\/wp-json\/wp\/v2\/product_cat?post=644"},{"taxonomy":"product_tag","embeddable":true,"href":"https:\/\/janssencosmetics.lt\/en\/wp-json\/wp\/v2\/product_tag?post=644"}],"curies":[{"name":"wp","href":"https:\/\/api.w.org\/{rel}","templated":true}]}}