{"id":641,"date":"2022-12-15T11:13:03","date_gmt":"2022-12-15T11:13:03","guid":{"rendered":"https:\/\/janssencosmetics.lt\/?post_type=product&#038;p=641"},"modified":"2024-08-16T10:51:10","modified_gmt":"2024-08-16T10:51:10","slug":"svelnus-sveitiklis","status":"publish","type":"product","link":"https:\/\/janssencosmetics.lt\/en\/produktas\/svelnus-sveitiklis\/","title":{"rendered":"\u0160velnus \u0161veitiklis"},"content":{"rendered":"<p>\u0160velnus odos \u0161veitiklis su jojobos dalel\u0117mis visiems odos tipams taip pat tinka ir jautriai odai. Jojobos dalel\u0117s nuo k\u016bno \u0161ilumos beveik i\u0161tirpsta, kas palengvina \u0161veitiklio nuplovima. \u0160velnus \u0161vei\u010diamasis kremas, pa\u0161alina surag\u0117jusias odos l\u0105steles, atgaivina, mink\u0161tina, i\u0161lygina odos reljef\u0105, paruo\u0161ia od\u0105 tolimesniam aktyvi\u0173 ingredient\u0173 pasisavinimui.<br \/>\n<strong>Veiklieji komponentai:<\/strong> jojoba va\u0161ko granul\u0117s.<br \/>\n<strong>Naudojimas:<\/strong>Naudoti \u0161veitikl\u012f ant \u0161varios veido odos ir dekolte srities, 1-2 kartus per savait\u0119. Tolygiai paskirstyti produkt\u0105 sudr\u0117kintais pir\u0161tais, pamasa\u017euoti kelet\u0105 minu\u010di\u0173. Nuplauti \u0161iltu vandeniu.<\/p>\n","protected":false},"excerpt":{"rendered":"<p>\u0160velnus \u0161veitiklis su jojoba granul\u0117mis<\/p>\n","protected":false},"featured_media":642,"template":"","meta":[],"product_cat":[28,22],"product_tag":[106],"_links":{"self":[{"href":"https:\/\/janssencosmetics.lt\/en\/wp-json\/wp\/v2\/product\/641"}],"collection":[{"href":"https:\/\/janssencosmetics.lt\/en\/wp-json\/wp\/v2\/product"}],"about":[{"href":"https:\/\/janssencosmetics.lt\/en\/wp-json\/wp\/v2\/types\/product"}],"wp:featuredmedia":[{"embeddable":true,"href":"https:\/\/janssencosmetics.lt\/en\/wp-json\/wp\/v2\/media\/642"}],"wp:attachment":[{"href":"https:\/\/janssencosmetics.lt\/en\/wp-json\/wp\/v2\/media?parent=641"}],"wp:term":[{"taxonomy":"product_cat","embeddable":true,"href":"https:\/\/janssencosmetics.lt\/en\/wp-json\/wp\/v2\/product_cat?post=641"},{"taxonomy":"product_tag","embeddable":true,"href":"https:\/\/janssencosmetics.lt\/en\/wp-json\/wp\/v2\/product_tag?post=641"}],"curies":[{"name":"wp","href":"https:\/\/api.w.org\/{rel}","templated":true}]}}