{"id":638,"date":"2022-12-15T10:40:12","date_gmt":"2022-12-15T10:40:12","guid":{"rendered":"https:\/\/janssencosmetics.lt\/?post_type=product&#038;p=638"},"modified":"2024-08-16T10:52:07","modified_gmt":"2024-08-16T10:52:07","slug":"gaivinantis-veido-tonikas","status":"publish","type":"product","link":"https:\/\/janssencosmetics.lt\/en\/produktas\/gaivinantis-veido-tonikas\/","title":{"rendered":"Gaivinantis veido tonikas, 200ml"},"content":{"rendered":"<p>Gaivinamasis, dr\u0117kinamasis tonikas veidui. Suteikia intensyv\u0173 dr\u0117kinim\u0105, revitalizuoja ir atgaivin\u0105 od\u0105. Sud\u0117tyje n\u0117ra alkoholio. Tinka visiems odos tipams. Gali b\u016bti naudojamas ir paaki\u0173 kompresams.<br \/>\n<strong>Veiklieji komponentai:<\/strong> Tirpus kolagenas, Glicerolis.<strong><br \/>\nNaudojimas:<\/strong>Sudr\u0117kinti vatos pagalv\u0117les toniku ir pravalyti \u0161var\u0173 veid\u0105 ir kakl\u0105. Naudoti ryte ir vakare.<\/p>\n","protected":false},"excerpt":{"rendered":"<p>Gaivinamasis,dr\u0117kinamasis tonikas veidui.<\/p>\n","protected":false},"featured_media":639,"template":"","meta":[],"product_cat":[28,22],"product_tag":[],"_links":{"self":[{"href":"https:\/\/janssencosmetics.lt\/en\/wp-json\/wp\/v2\/product\/638"}],"collection":[{"href":"https:\/\/janssencosmetics.lt\/en\/wp-json\/wp\/v2\/product"}],"about":[{"href":"https:\/\/janssencosmetics.lt\/en\/wp-json\/wp\/v2\/types\/product"}],"wp:featuredmedia":[{"embeddable":true,"href":"https:\/\/janssencosmetics.lt\/en\/wp-json\/wp\/v2\/media\/639"}],"wp:attachment":[{"href":"https:\/\/janssencosmetics.lt\/en\/wp-json\/wp\/v2\/media?parent=638"}],"wp:term":[{"taxonomy":"product_cat","embeddable":true,"href":"https:\/\/janssencosmetics.lt\/en\/wp-json\/wp\/v2\/product_cat?post=638"},{"taxonomy":"product_tag","embeddable":true,"href":"https:\/\/janssencosmetics.lt\/en\/wp-json\/wp\/v2\/product_tag?post=638"}],"curies":[{"name":"wp","href":"https:\/\/api.w.org\/{rel}","templated":true}]}}