{"id":634,"date":"2022-12-15T09:56:43","date_gmt":"2022-12-15T09:56:43","guid":{"rendered":"https:\/\/janssencosmetics.lt\/?post_type=product&#038;p=634"},"modified":"2025-10-29T15:30:48","modified_gmt":"2025-10-29T15:30:48","slug":"svelniai-valantis-pienelis","status":"publish","type":"product","link":"https:\/\/janssencosmetics.lt\/en\/produktas\/svelniai-valantis-pienelis\/","title":{"rendered":"\u0160velniai valantis pienelis, 200ml"},"content":{"rendered":"<p>Pienelis\u00a0 atkuria optimal\u0173 odos dr\u0117gm\u0117s lyg\u012f, mink\u0161tina od\u0105. Tinka visiems odos tipams, taip pat jautriai odai, paruo\u0161ia od\u0105 tolesniai prie\u017ei\u016brai.<br \/>\n<strong>Veiklieji komponentai:<\/strong>Avokad\u0173 aliejus. Vitaminas E, Askorbilo palmitatas.<br \/>\n<strong>Naudojimas:<\/strong>Ryte ir vakare,pir\u0161t\u0173 galiukais sukamaisiais masa\u017einiais judesiais pienel\u012f u\u017etepti ant veido ir kaklo. Gerai nuplauti \u0161iltu vandeniu ar nu\u0161luostyti dr\u0117gna servet\u0117le.<\/p>\n","protected":false},"excerpt":{"rendered":"<p>\u0160velniai valantis pienelis kremin\u0117s tekst\u016bros, puikiai pa\u0161alina odos ne\u0161varumus ir makia\u017eo liku\u010dius.<\/p>\n<p>Galiojimo laikas: 2026.08<\/p>\n","protected":false},"featured_media":635,"template":"","meta":[],"product_cat":[28,22],"product_tag":[],"_links":{"self":[{"href":"https:\/\/janssencosmetics.lt\/en\/wp-json\/wp\/v2\/product\/634"}],"collection":[{"href":"https:\/\/janssencosmetics.lt\/en\/wp-json\/wp\/v2\/product"}],"about":[{"href":"https:\/\/janssencosmetics.lt\/en\/wp-json\/wp\/v2\/types\/product"}],"wp:featuredmedia":[{"embeddable":true,"href":"https:\/\/janssencosmetics.lt\/en\/wp-json\/wp\/v2\/media\/635"}],"wp:attachment":[{"href":"https:\/\/janssencosmetics.lt\/en\/wp-json\/wp\/v2\/media?parent=634"}],"wp:term":[{"taxonomy":"product_cat","embeddable":true,"href":"https:\/\/janssencosmetics.lt\/en\/wp-json\/wp\/v2\/product_cat?post=634"},{"taxonomy":"product_tag","embeddable":true,"href":"https:\/\/janssencosmetics.lt\/en\/wp-json\/wp\/v2\/product_tag?post=634"}],"curies":[{"name":"wp","href":"https:\/\/api.w.org\/{rel}","templated":true}]}}