{"id":622,"date":"2022-12-14T09:50:58","date_gmt":"2022-12-14T09:50:58","guid":{"rendered":"https:\/\/janssencosmetics.lt\/?post_type=product&#038;p=622"},"modified":"2025-08-08T12:56:50","modified_gmt":"2025-08-08T12:56:50","slug":"lupu-prieziuros-balzamas","status":"publish","type":"product","link":"https:\/\/janssencosmetics.lt\/en\/produktas\/lupu-prieziuros-balzamas\/","title":{"rendered":"L\u016bp\u0173 prie\u017ei\u016bros balzamas NEW! 4.6gr."},"content":{"rendered":"<p>L\u016bp\u0173 prie\u017ei\u016bros balzamas suteikia ilgalaik\u0119 prie\u017ei\u016br\u0105 ir intensyvi\u0105 apsaug\u0105 nuo i\u0161saus\u0117jimo. Pasitepus balzamu j\u016bs\u0173 l\u016bpos \u0161velniai ir subtiliai blizg\u0117s. Naudokite reguliariai ir (arba) pagal poreik\u012f.<\/p>\n<p>&nbsp;<\/p>\n","protected":false},"excerpt":{"rendered":"<p><strong>L\u016bp\u0173 prie\u017ei\u016bros balzamas su vitaminu E ir auk\u0161tos kokyb\u0117s taukmed\u017eio sviestu<\/strong><\/p>\n","protected":false},"featured_media":623,"template":"","meta":[],"product_cat":[34,59,98,22,24],"product_tag":[100],"_links":{"self":[{"href":"https:\/\/janssencosmetics.lt\/en\/wp-json\/wp\/v2\/product\/622"}],"collection":[{"href":"https:\/\/janssencosmetics.lt\/en\/wp-json\/wp\/v2\/product"}],"about":[{"href":"https:\/\/janssencosmetics.lt\/en\/wp-json\/wp\/v2\/types\/product"}],"wp:featuredmedia":[{"embeddable":true,"href":"https:\/\/janssencosmetics.lt\/en\/wp-json\/wp\/v2\/media\/623"}],"wp:attachment":[{"href":"https:\/\/janssencosmetics.lt\/en\/wp-json\/wp\/v2\/media?parent=622"}],"wp:term":[{"taxonomy":"product_cat","embeddable":true,"href":"https:\/\/janssencosmetics.lt\/en\/wp-json\/wp\/v2\/product_cat?post=622"},{"taxonomy":"product_tag","embeddable":true,"href":"https:\/\/janssencosmetics.lt\/en\/wp-json\/wp\/v2\/product_tag?post=622"}],"curies":[{"name":"wp","href":"https:\/\/api.w.org\/{rel}","templated":true}]}}