{"id":3782,"date":"2025-11-25T14:49:57","date_gmt":"2025-11-25T14:49:57","guid":{"rendered":"https:\/\/janssencosmetics.lt\/?post_type=product&#038;p=3782"},"modified":"2025-12-16T10:52:02","modified_gmt":"2025-12-16T10:52:02","slug":"elegantiska-dovanu-dezute-su-juros-kolageno-krem50-ml-ampulemis-7-x-2-ml-new-black-friday-25","status":"publish","type":"product","link":"https:\/\/janssencosmetics.lt\/en\/produktas\/elegantiska-dovanu-dezute-su-juros-kolageno-krem50-ml-ampulemis-7-x-2-ml-new-black-friday-25\/","title":{"rendered":"Eleganti\u0161ka dovan\u0173 d\u0117\u017eut\u0117 su j\u016bros kolageno krem50 ml +ampul\u0117mis 7 x 2 ml.NEW!"},"content":{"rendered":"<p>J\u016brinio kolageno rinkinys.<br \/>\n\u0160is galingas duetas sujungia j\u016brin\u012f kolagen\u0105, hialurono r\u016bg\u0161t\u012f ir granat\u0173 \u017eied\u0173 ekstrakt\u0105, kad oda b\u016bt\u0173 akivaizd\u017eiai lygesn\u0117, stangresn\u0117 ir spindinti. Naudojant reguliariai, akivaizd\u017eiai suma\u017e\u0117ja rauk\u0161lel\u0117s, sul\u0117tinami odos sen\u0117jimo procesai. Kremas yra lengvos tekst\u016bros, greitai susigeriantis.<\/p>\n<p>&nbsp;<\/p>\n","protected":false},"excerpt":{"rendered":"<p>J\u016brinio kolageno rinkinys. \u0160is galingas duetas sujungia j\u016brin\u012f kolagen\u0105, hialurono r\u016bg\u0161t\u012f ir granat\u0173 \u017eied\u0173 ekstrakt\u0105, kad oda b\u016bt\u0173 akivaizd\u017eiai lygesn\u0117, stangresn\u0117 ir spindinti. Naudojant reguliariai, akivaizd\u017eiai suma\u017e\u0117ja rauk\u0161lel\u0117s, sul\u0117tinami odos sen\u0117jimo procesai. Kremas yra lengvos tekst\u016bros, greitai susigeriantis. &nbsp;<\/p>\n","protected":false},"featured_media":3779,"template":"","meta":[],"product_cat":[34,38,31,28,117,62,98,35],"product_tag":[],"_links":{"self":[{"href":"https:\/\/janssencosmetics.lt\/en\/wp-json\/wp\/v2\/product\/3782"}],"collection":[{"href":"https:\/\/janssencosmetics.lt\/en\/wp-json\/wp\/v2\/product"}],"about":[{"href":"https:\/\/janssencosmetics.lt\/en\/wp-json\/wp\/v2\/types\/product"}],"wp:featuredmedia":[{"embeddable":true,"href":"https:\/\/janssencosmetics.lt\/en\/wp-json\/wp\/v2\/media\/3779"}],"wp:attachment":[{"href":"https:\/\/janssencosmetics.lt\/en\/wp-json\/wp\/v2\/media?parent=3782"}],"wp:term":[{"taxonomy":"product_cat","embeddable":true,"href":"https:\/\/janssencosmetics.lt\/en\/wp-json\/wp\/v2\/product_cat?post=3782"},{"taxonomy":"product_tag","embeddable":true,"href":"https:\/\/janssencosmetics.lt\/en\/wp-json\/wp\/v2\/product_tag?post=3782"}],"curies":[{"name":"wp","href":"https:\/\/api.w.org\/{rel}","templated":true}]}}