{"id":3691,"date":"2025-08-08T09:20:08","date_gmt":"2025-08-08T09:20:08","guid":{"rendered":"https:\/\/janssencosmetics.lt\/?post_type=product&#038;p=3691"},"modified":"2025-09-15T07:23:05","modified_gmt":"2025-09-15T07:23:05","slug":"sviesinamasis-veido-tonikas-be-alkoholio-30ml","status":"publish","type":"product","link":"https:\/\/janssencosmetics.lt\/en\/produktas\/sviesinamasis-veido-tonikas-be-alkoholio-30ml\/","title":{"rendered":"\u0160viesinamasis veido tonikas be alkoholio- 30ml"},"content":{"rendered":"<div class=\"woocommerce-tabs wc-tabs-wrapper\">\n<div id=\"tab-description\" class=\"woocommerce-Tabs-panel woocommerce-Tabs-panel--description panel entry-content wc-tab\">\n<p>Tonikas gaivina,lygina ir regeneruoja brand\u017ei\u0105 od\u0105.<br \/>\n<strong>Veiklieji komponentai<\/strong>:\u00a0\u0161ilkmed\u017eio ekstraktas, glicerinas.<br \/>\n<strong>Naudojimas<\/strong>: Skirtas brand\u017eiai odai. Naudojamas i\u0161valius od\u0105 arba tarp kosmetini\u0173 odos valymo proced\u016br\u0173. Sudr\u0117kinti vatos pagalv\u0117les toniku ir pravalyti \u0161var\u0173 veid\u0105 ir kakl\u0105.<\/p>\n<\/div>\n<\/div>\n","protected":false},"excerpt":{"rendered":"<h2 class=\"single-post-title product_title entry-title\">\u0160viesinamasis tonikas suteikiantys odai gaivumo ir \u0161vyt\u0117jimo.<\/h2>\n","protected":false},"featured_media":3692,"template":"","meta":[],"product_cat":[31,28],"product_tag":[],"_links":{"self":[{"href":"https:\/\/janssencosmetics.lt\/en\/wp-json\/wp\/v2\/product\/3691"}],"collection":[{"href":"https:\/\/janssencosmetics.lt\/en\/wp-json\/wp\/v2\/product"}],"about":[{"href":"https:\/\/janssencosmetics.lt\/en\/wp-json\/wp\/v2\/types\/product"}],"wp:featuredmedia":[{"embeddable":true,"href":"https:\/\/janssencosmetics.lt\/en\/wp-json\/wp\/v2\/media\/3692"}],"wp:attachment":[{"href":"https:\/\/janssencosmetics.lt\/en\/wp-json\/wp\/v2\/media?parent=3691"}],"wp:term":[{"taxonomy":"product_cat","embeddable":true,"href":"https:\/\/janssencosmetics.lt\/en\/wp-json\/wp\/v2\/product_cat?post=3691"},{"taxonomy":"product_tag","embeddable":true,"href":"https:\/\/janssencosmetics.lt\/en\/wp-json\/wp\/v2\/product_tag?post=3691"}],"curies":[{"name":"wp","href":"https:\/\/api.w.org\/{rel}","templated":true}]}}