{"id":3550,"date":"2025-03-04T09:19:29","date_gmt":"2025-03-04T09:19:29","guid":{"rendered":"https:\/\/janssencosmetics.lt\/?post_type=product&#038;p=3550"},"modified":"2026-01-06T07:57:56","modified_gmt":"2026-01-06T07:57:56","slug":"ampoule-calendar-24-beauty-moments-aktyviu-koncentratu-kalendorius","status":"publish","type":"product","link":"https:\/\/janssencosmetics.lt\/en\/produktas\/ampoule-calendar-24-beauty-moments-aktyviu-koncentratu-kalendorius\/","title":{"rendered":"Ampoule Calendar 25 Beauty Moments \u2013 Aktyvi\u0173  koncentrat\u0173 kalendorius  -40%"},"content":{"rendered":"<p><span class=\"jCAhz ChMk0b\"><span class=\"ryNqvb\"><strong>Naudojimas:<\/strong>\u00a0Kasdien, ryte arba vakare po valymo ir tonizavimo. Prilaikant servet\u0117le, ar naudojant atidarytuv\u0105 ampul\u0117ms, nulau\u017eti ampul\u0117s galvut\u0119, i\u0161pilti ampul\u0117s turin\u012f ant rankos ir paskirstyti ant odos. Venkite zonos aplink akis. \u00a0Tada \u012fmasa\u017euokite. Po to tepkite \u012fprast\u0105 dienin\u0119 ar naktin\u0119 odos prie\u017ei\u016bros priemon\u0119.<\/span><\/span>\u00a0<span class=\"jCAhz ChMk0b\"><span class=\"ryNqvb\">Kiekviena ampul\u0117 skirta vienkartiniam naudojimui, tod\u0117l turi b\u016bti sunaudota vienu kartu.<\/span><\/span>\u00a0Koncentratas<span class=\"jCAhz ChMk0b\"><span class=\"ryNqvb\">\u00a0akims: \u0161velniais glostymo judesiais tepkite turin\u012f aplink akis. Tik i\u0161oriniam naudojimui!\u00a0<\/span><\/span><br \/>\n<em>3x2ml Hyaluron Fluid<\/em> \u2013 intensyviam odos dr\u0117kinimui<br \/>\n<em>4x2ml Anti-Anti Wrinkle Booster<\/em> \u2013 i\u0161lygina rauk\u0161les, suteikia liftingo efekt\u0105.<br \/>\n<em>3x2ml Superfruit Fluid <\/em>\u2013 suteikia momentin\u012f ir ilgalaik\u012f atnaujintos, glotnios,jaunatvi\u0161kos odos efekt\u0105.<br \/>\n<em>3x2ml NEW! Bi-Phase Skin Recovery<\/em>\u2013 dvi-fazis koncentratas \u2013 pagalba pavargusiai,sausai odai. Gerina odos strukt\u016br\u0105.<br \/>\n<em>3x2ml Skin Contour Fluid<\/em>\u2013 lygina rauk\u0161les,dr\u0117kina bei suteikia odai stangrumo ir liftingo efekt\u0105.<br \/>\n<em>3x2ml NEW! Radiant Skin Fluid &#8211; <\/em>skaistinantis koncentratas su Indijos vandenyno dumbli\u0173 ekstraktais.<br \/>\n<em>3x2ml\u00a0 Caviar Extract<\/em>\u00a0\u2013 brand\u017eiai streso paveiktai odai, glotnina, mink\u0161tina, regeneruoja.<br \/>\n<em>3\u00d72ml\u00a0 Marine Collagen Fluid<\/em> \u2013 \u00a0koncentratas jaunina od\u0105 l\u0105steli\u0173 lygyje, dr\u0117kina bei suteikia odai stangrumo, gaivumo ir liftingo efekt\u0105.<br \/>\n<em>3x2ml Caviar Luxury Cream<\/em> \u2013 prabangus sen\u0117jim\u0105 stabdantis kremas,i\u0161lygina rauk\u0161les ir suteikia ry\u0161k\u0173 liftingo efekt\u0105. Skirtas moterims, kurios renkasi sau tik tai, kas geriausia.<\/p>\n","protected":false},"excerpt":{"rendered":"<p>Naudojimas:\u00a0Kasdien, ryte arba vakare po valymo ir tonizavimo. Prilaikant servet\u0117le, ar naudojant atidarytuv\u0105 ampul\u0117ms, nulau\u017eti ampul\u0117s galvut\u0119, i\u0161pilti ampul\u0117s turin\u012f ant rankos ir paskirstyti ant odos. Venkite zonos aplink akis. \u00a0Tada \u012fmasa\u017euokite. Po to tepkite \u012fprast\u0105 dienin\u0119 ar naktin\u0119 odos prie\u017ei\u016bros priemon\u0119.\u00a0Kiekviena ampul\u0117 skirta vienkartiniam naudojimui, tod\u0117l turi b\u016bti sunaudota vienu kartu.\u00a0Koncentratas\u00a0akims: \u0161velniais glostymo judesiais [&hellip;]<\/p>\n","protected":false},"featured_media":3475,"template":"","meta":[],"product_cat":[38,117],"product_tag":[],"_links":{"self":[{"href":"https:\/\/janssencosmetics.lt\/en\/wp-json\/wp\/v2\/product\/3550"}],"collection":[{"href":"https:\/\/janssencosmetics.lt\/en\/wp-json\/wp\/v2\/product"}],"about":[{"href":"https:\/\/janssencosmetics.lt\/en\/wp-json\/wp\/v2\/types\/product"}],"wp:featuredmedia":[{"embeddable":true,"href":"https:\/\/janssencosmetics.lt\/en\/wp-json\/wp\/v2\/media\/3475"}],"wp:attachment":[{"href":"https:\/\/janssencosmetics.lt\/en\/wp-json\/wp\/v2\/media?parent=3550"}],"wp:term":[{"taxonomy":"product_cat","embeddable":true,"href":"https:\/\/janssencosmetics.lt\/en\/wp-json\/wp\/v2\/product_cat?post=3550"},{"taxonomy":"product_tag","embeddable":true,"href":"https:\/\/janssencosmetics.lt\/en\/wp-json\/wp\/v2\/product_tag?post=3550"}],"curies":[{"name":"wp","href":"https:\/\/api.w.org\/{rel}","templated":true}]}}