{"id":3474,"date":"2024-11-25T15:03:22","date_gmt":"2024-11-25T15:03:22","guid":{"rendered":"https:\/\/janssencosmetics.lt\/?post_type=product&#038;p=3474"},"modified":"2026-03-27T11:54:19","modified_gmt":"2026-03-27T11:54:19","slug":"2025-advento-kalendorius-24-ampuliu-kursas-new","status":"publish","type":"product","link":"https:\/\/janssencosmetics.lt\/en\/produktas\/2025-advento-kalendorius-24-ampuliu-kursas-new\/","title":{"rendered":"2025 ADVENTO KALENDORIUS\u2013 24 ampuli\u0173 kursas. NEW!"},"content":{"rendered":"<p>Kruop\u0161\u010diai atrinkti auk\u0161\u010diausios kokyb\u0117s veikli\u0173j\u0173 med\u017eiag\u0173 koncentratai u\u017etikrins atgaivint\u0105, spindin\u010di\u0105, lygi\u0105 ir gra\u017ei\u0105 od\u0105.<\/p>\n<p>U\u017e kiekvien\u0173 dureli\u0173 slepiasi veiksminga proced\u016bra:<\/p>\n<p>Rinkinyje rasite:<\/p>\n<p>\u2022 3 \u00d7 Hyaluron Fluid<\/p>\n<p>\u2022 3 \u00d7 Stem Cell Fluid<\/p>\n<p>\u2022 3 \u00d7 Brilliance Shine Elixir<\/p>\n<p>\u2022 3 \u00d7 Caviar Extract<\/p>\n<p>\u2022 3 \u00d7 Marine Collagen Fluid<\/p>\n<p>\u2022 3 \u00d7 Radiance Skin Fluid<\/p>\n<p>\u2022 3 \u00d7 Anti-Wrinkle Booster<\/p>\n<p>\u2022 3 \u00d7 Skin Contour Fluid<\/p>\n<p>\u2022 1 \u00d7 Eye Flash Fluid<\/p>\n<p>Riboto leidimo \u2013 nepraleiskite progos!<\/p>\n","protected":false},"excerpt":{"rendered":"<p>Paruo\u0161kite veido od\u0105 \u0161vent\u0117ms! Kad J\u016bs\u0173 veido oda \u0161vyt\u0117t\u0173 \u0161ven\u010di\u0173 metu, u\u017esisakykite advento kalendori\u0173 jau dabar!<\/p>\n","protected":false},"featured_media":3770,"template":"","meta":[],"product_cat":[38,117,98,35],"product_tag":[],"_links":{"self":[{"href":"https:\/\/janssencosmetics.lt\/en\/wp-json\/wp\/v2\/product\/3474"}],"collection":[{"href":"https:\/\/janssencosmetics.lt\/en\/wp-json\/wp\/v2\/product"}],"about":[{"href":"https:\/\/janssencosmetics.lt\/en\/wp-json\/wp\/v2\/types\/product"}],"wp:featuredmedia":[{"embeddable":true,"href":"https:\/\/janssencosmetics.lt\/en\/wp-json\/wp\/v2\/media\/3770"}],"wp:attachment":[{"href":"https:\/\/janssencosmetics.lt\/en\/wp-json\/wp\/v2\/media?parent=3474"}],"wp:term":[{"taxonomy":"product_cat","embeddable":true,"href":"https:\/\/janssencosmetics.lt\/en\/wp-json\/wp\/v2\/product_cat?post=3474"},{"taxonomy":"product_tag","embeddable":true,"href":"https:\/\/janssencosmetics.lt\/en\/wp-json\/wp\/v2\/product_tag?post=3474"}],"curies":[{"name":"wp","href":"https:\/\/api.w.org\/{rel}","templated":true}]}}