{"id":3386,"date":"2024-07-31T10:08:39","date_gmt":"2024-07-31T10:08:39","guid":{"rendered":"https:\/\/janssencosmetics.lt\/?post_type=product&#038;p=3386"},"modified":"2025-12-18T08:56:00","modified_gmt":"2025-12-18T08:56:00","slug":"sviesinamasis-serumas-su-traneksamo-rugstimi-30ml-new","status":"publish","type":"product","link":"https:\/\/janssencosmetics.lt\/en\/produktas\/sviesinamasis-serumas-su-traneksamo-rugstimi-30ml-new\/","title":{"rendered":"\u0160viesinamasis serumas su traneksamo r\u016bg\u0161timi 30ml   -20%!"},"content":{"rendered":"<p>Traneksamo r\u016bg\u0161tis vienas i\u0161 labiausiai populiar\u0173 ingredient\u0173 odos \u0161viesinimo produkt\u0173 rinkoje, kuris suteikia galing\u0105 ir specifin\u012f prie\u0161u\u017edegimin\u012f poveik\u012f, slopindama tirozinaz\u0117s sintez\u0119 melanocituose ir melanino perdavim\u0105 keranocitams.\u00a0\u00a0Jis ne tik apsaugo nuo pou\u017edegimin\u0117s hiperpigmentacijos, bet ir suma\u017eina odos jautrum\u0105 UV spinduliams, kas yra nepaprastai svarbu saul\u0117s \u0161viesoje. Taip pat pasi\u017eymi poras sutraukiamuoju poveikiu, ramina odos sudirgimus, stimuliuoja l\u0105steli\u0173 atsinaujinim\u0105, veikia prie\u0161 akn\u0119, spuogus. Be to, serumas su traneksamo r\u016bg\u0161timi, padeda i\u0161blukinti \u012fsisen\u0117jusias spuog\u0173 \u017eymes, pagerina veido spalv\u0105, tonizuoja ir atkuria sveik\u0105 odos \u0161vyt\u0117jim\u0105. Tod\u0117l galima tik\u0117tis puiki\u0173 rezultat\u0173 naudojant \u0161\u012f serum\u0105. Jei ie\u0161kote veiksmingos priemon\u0117s kovoti su hiperpigmentacija, \u0161is serumas su traneksamo r\u016bg\u0161timi gali b\u016bti puikus pasirinkimas.<br \/>\nTraneksamo r\u016bg\u0161tis puikiai dera su \u0161iais ingredientais ir sustiprina jos veikim\u0105: salicilo r\u016bg\u0161tis, niacinamidas, bakuchiolis,\u00a0 azelaino r\u016bg\u0161tis, vitaminas C, retinolis ir arbutino r\u016bg\u0161tis.<br \/>\n<strong>Veiklieji komponentai: <\/strong>Traneksamo r\u016bg\u0161tis, niacinamidas, hialurono r\u016bg\u0161tis (trumpos ir ilgos grandin\u0117s),hialurono r\u016bg\u0161tis su balinamuoju poveikiu, saccharide Isomerate, taukmed\u017eio sviestas, makadamij\u0173 rie\u0161ut\u0173 aliejus.<br \/>\n<strong>Naudojimas: <\/strong>Nedidel\u012f serumo kiek\u012f tepkite vakare ant nuvalytos ir sausos odos tris kartus per savait\u0119. Pir\u0161t\u0173 galiukais \u0161velniai patap\u0161nokite, kad paskatinti geresn\u012f \u012fsig\u0117rim\u0105 ir u\u017ebaikite kasdien\u0117s prie\u017ei\u016bros kremu. Priklausomai nuo toleravimo, naudojim\u0105 galima padidinti iki vieno karto per dien\u0105. Venkite aki\u0173 vok\u0173 ir l\u016bp\u0173 zonos. Nenaudokite Traneksamo r\u016bg\u0161ties serumo n\u0117\u0161tumo ar \u017eindymo laikotarpiu.<br \/>\n<strong>Patarymas:<\/strong> Papildomai naudokite apsaug\u0105 nuo UV spinduli\u0173, pvz., Face Guard Advanced.<\/p>\n","protected":false},"excerpt":{"rendered":"<p>Serumas su traneksamo r\u016bg\u0161timi tinka odai \u0161viesinti ir d\u0117m\u0117ms ma\u017einti,(pigmentacijai po saul\u0117s poveikio, tamsioms d\u0117m\u0117ms,strazdanoms ir senatvin\u0117ms d\u0117m\u0117ms).<\/p>\n","protected":false},"featured_media":3389,"template":"","meta":[],"product_cat":[34,117,98],"product_tag":[],"_links":{"self":[{"href":"https:\/\/janssencosmetics.lt\/en\/wp-json\/wp\/v2\/product\/3386"}],"collection":[{"href":"https:\/\/janssencosmetics.lt\/en\/wp-json\/wp\/v2\/product"}],"about":[{"href":"https:\/\/janssencosmetics.lt\/en\/wp-json\/wp\/v2\/types\/product"}],"wp:featuredmedia":[{"embeddable":true,"href":"https:\/\/janssencosmetics.lt\/en\/wp-json\/wp\/v2\/media\/3389"}],"wp:attachment":[{"href":"https:\/\/janssencosmetics.lt\/en\/wp-json\/wp\/v2\/media?parent=3386"}],"wp:term":[{"taxonomy":"product_cat","embeddable":true,"href":"https:\/\/janssencosmetics.lt\/en\/wp-json\/wp\/v2\/product_cat?post=3386"},{"taxonomy":"product_tag","embeddable":true,"href":"https:\/\/janssencosmetics.lt\/en\/wp-json\/wp\/v2\/product_tag?post=3386"}],"curies":[{"name":"wp","href":"https:\/\/api.w.org\/{rel}","templated":true}]}}