{"id":3382,"date":"2024-07-29T12:50:48","date_gmt":"2024-07-29T12:50:48","guid":{"rendered":"https:\/\/janssencosmetics.lt\/?post_type=product&#038;p=3382"},"modified":"2024-11-15T13:59:45","modified_gmt":"2024-11-15T13:59:45","slug":"gelines-teksturos-veido-serumas-su-azelaino-rugstimi-30ml-new","status":"publish","type":"product","link":"https:\/\/janssencosmetics.lt\/en\/produktas\/gelines-teksturos-veido-serumas-su-azelaino-rugstimi-30ml-new\/","title":{"rendered":"Gelin\u0117s tekst\u016bros veido serumas su azelaino r\u016bg\u0161timi 30ml. NEW"},"content":{"rendered":"<p>Serumas su azelaino r\u016bg\u0161timi \u0161velniai \u0161vei\u010dia veido od\u0105, pa\u0161alina negyvas odos l\u0105steles ir skatina j\u0173 atsinaujinim\u0105. \u0160viesina pigmentines d\u0117mes, ma\u017eina j\u0173 dyd\u012f, veikia prevenci\u0161kai, u\u017ekerta keli\u0105 nauj\u0173 pigmentini\u0173 d\u0117mi\u0173 susidarymui. Serumas su azelaino r\u016bg\u0161timi taip pat sprend\u017eia odos b\u0117rimus, puikiai valo odos poras,veikia antibakteri\u0161kai ir stabdo akn\u0117s bakterij\u0173 dauginim\u0105si. Padeda suma\u017einti odos paraudim\u0105 ir sudirginim\u0105, b\u016bding\u0105 ro\u017ein\u0117s simptom\u0173 turin\u010diai odai. Oda tampa ma\u017eiau reaktyvi.<br \/>\nRezultatas: tolygi, skaisti ir sveikai spindinti oda.<br \/>\nGalima naudoti ir n\u0117\u0161tumo metu.<br \/>\n<strong>Veiklieji komponentai: <\/strong>propilenglikolis, kalio azeloilas, 1,2-heksandiolis, azelaino r\u016bg\u0161tis, natrio hidroksidas.<br \/>\n<strong>Naudojimas: <\/strong>Nedidel\u012f serumo kiek\u012f tepkite ant nuvalytos ir sausos odos tik tris kartus per savait\u0119, ryte ir vakare ir u\u017ebaikite kasdien\u0117s prie\u017ei\u016bros kremu. Jei reikia, galima naudoti kasdien ryte ir vakare. Naudojant reguliariai, did\u0117ja odos tolerancij\u0105 ir kitiems r\u016bg\u0161tiniams produktams. Saugu naudoti n\u0117\u0161tumo ir \u017eindymo metu, nesukelia \u0161alutini\u0173 poveiki\u0173.<\/p>\n","protected":false},"excerpt":{"rendered":"<p>Serumas su azelaino r\u016bg\u0161timi \u0161viesina, skaistina od\u0105, \u00a0puikiai kovoja su akne, pigmentacija ir ro\u017eine.<\/p>\n","protected":false},"featured_media":3383,"template":"","meta":[],"product_cat":[34,98],"product_tag":[],"_links":{"self":[{"href":"https:\/\/janssencosmetics.lt\/en\/wp-json\/wp\/v2\/product\/3382"}],"collection":[{"href":"https:\/\/janssencosmetics.lt\/en\/wp-json\/wp\/v2\/product"}],"about":[{"href":"https:\/\/janssencosmetics.lt\/en\/wp-json\/wp\/v2\/types\/product"}],"wp:featuredmedia":[{"embeddable":true,"href":"https:\/\/janssencosmetics.lt\/en\/wp-json\/wp\/v2\/media\/3383"}],"wp:attachment":[{"href":"https:\/\/janssencosmetics.lt\/en\/wp-json\/wp\/v2\/media?parent=3382"}],"wp:term":[{"taxonomy":"product_cat","embeddable":true,"href":"https:\/\/janssencosmetics.lt\/en\/wp-json\/wp\/v2\/product_cat?post=3382"},{"taxonomy":"product_tag","embeddable":true,"href":"https:\/\/janssencosmetics.lt\/en\/wp-json\/wp\/v2\/product_tag?post=3382"}],"curies":[{"name":"wp","href":"https:\/\/api.w.org\/{rel}","templated":true}]}}