{"id":3308,"date":"2024-04-29T10:16:31","date_gmt":"2024-04-29T10:16:31","guid":{"rendered":"https:\/\/janssencosmetics.lt\/?post_type=product&#038;p=3308"},"modified":"2026-04-14T14:36:37","modified_gmt":"2026-04-14T14:36:37","slug":"komplektas-anti-ageliftingrecovery-kremas-50ml7-ampules-paakiu-zonai","status":"publish","type":"product","link":"https:\/\/janssencosmetics.lt\/en\/produktas\/komplektas-anti-ageliftingrecovery-kremas-50ml7-ampules-paakiu-zonai\/","title":{"rendered":"Komplektas anti-age(Lifting&#038;Recovery kremas 50ml+7 ampul\u0117s paaki\u0173 zonai)-30%"},"content":{"rendered":"<p><span class=\"jCAhz ChMk0b\"><span class=\"ryNqvb\">Nuostabi dovana \u2013 momentinis liftingo efektas ir jaunatvi\u0161kas veido spindesys.<\/span><\/span> <span class=\"jCAhz ChMk0b\"><span class=\"ryNqvb\">Universali sen\u0117jim\u0105 stabdanti prie\u017ei\u016bra, u\u017e kuri\u0105 pavargusi, \u012ftempta oda jums pad\u0117kos.<\/span><\/span><\/p>\n<p><span class=\"jCAhz ChMk0b\"><span class=\"ryNqvb\"><strong>1.Eye Flash Fluid 7\u00d71,5ml<\/strong> &#8211; <\/span><\/span>Dr\u0117kinamasis koncentratas paakiams.<br \/>\nEye Flash Fluid su hialurono r\u016bg\u0161ties ir peptid\u0173 kompleksu yra intensyviosios terapijos produktas, skirtas specialiai pavargusiai ir jautriai odai aplink akis.Vos per kelias minutes po Eye Flash Fluid paaki\u0173 oda tampa sveika ir gra\u017ei.<br \/>\n<strong>Veiklieji komponentai:<\/strong>\u00a0ilg\u0173j\u0173 ir trump\u0173j\u0173 grandini\u0173 hialurono r\u016bg\u0161tis, \u00a0<span class=\"jCAhz ChMk0b\"><span class=\"ryNqvb\">Matrixyl 3000 (peptid\u0173 kompleksas),\u00a0<\/span><\/span><span class=\"jCAhz ChMk0b\"><span class=\"ryNqvb\">Glicerolis.<\/span><\/span><br \/>\n<strong>Naudojimas: <\/strong><span class=\"jCAhz ChMk0b\"><span class=\"ryNqvb\">Apvyniokite ampul\u0117s galvut\u0119 popieriniu rank\u0161luos\u010diu ir nulau\u017ekite.<\/span><\/span>\u00a0<span class=\"jCAhz ChMk0b\"><span class=\"ryNqvb\">Supilkite ampul\u0117s turin\u012f \u012f deln\u0105, lengvais glostymo judesiais tolygiai\u00a0<\/span><\/span>u\u017etepkite ant \u0161varios odos aplink akis ir tolygiai paskirstykite pir\u0161t\u0173 galiukais.<\/p>\n<p><strong>2.<span class=\"jCAhz ChMk0b\"><span class=\"ryNqvb\">Lifting &amp; Recovery Cream 50 ml<\/span><\/span> <\/strong>&#8211; Kremas skirtas prie\u017ei\u016bros reikalaujan\u010diai, brand\u017eiai odai. S<span class=\"jCAhz ChMk0b\"><span class=\"ryNqvb\">timuliuoja odos l\u0105steli\u0173 atsinaujinim\u0105, dr\u0117kina ir maitina od\u0105, gr\u0105\u017eina glotnum\u0105, lygina rauk\u0161les ir apsaugo nuo nauj\u0173 rauk\u0161li\u0173 susidarymo. <\/span><\/span>Pasi\u017eymi ry\u0161kiu liftingo poveikiu. <span class=\"jCAhz ChMk0b\"><span class=\"ryNqvb\">\u00a0<\/span><\/span><br \/>\n<span class=\"jCAhz ChMk0b\"><span class=\"ryNqvb\"><strong>Veiklieji komponentai:\u00a0<\/strong>avi\u017e\u0173 baltym\u0173 ekstraktas, vitaminai A,C,skvalenas, taukmed\u017ei\u0173 aliejus, \u017eem\u0117s rie\u0161ut\u0173 aliejus.<br \/>\n<strong>Naudojimas:\u00a0<\/strong>tepti ant \u0161varios veido odos lengvais masa\u017einiais judesiais ryte ir\/ar vakare. Salone gali b\u016bti naudojamas kaip masa\u017einis kremas arba u\u017ebaigiamoji proced\u016br\u0173 priemon\u0117 visiems odos tipams.<\/span><\/span><\/p>\n","protected":false},"excerpt":{"rendered":"<p><span class=\"jCAhz ChMk0b\"><span class=\"ryNqvb\">Puikus rinkinys i\u0161 dviej\u0173,bestseleriais jau tapusi\u0173 produkt\u0173,stilingoje dovan\u0173 d\u0117\u017eut\u0117je<\/span><\/span>.<\/p>\n<p>Galiojimo laikas: 2026.09<\/p>\n","protected":false},"featured_media":3313,"template":"","meta":[],"product_cat":[38,31,117,35],"product_tag":[],"_links":{"self":[{"href":"https:\/\/janssencosmetics.lt\/en\/wp-json\/wp\/v2\/product\/3308"}],"collection":[{"href":"https:\/\/janssencosmetics.lt\/en\/wp-json\/wp\/v2\/product"}],"about":[{"href":"https:\/\/janssencosmetics.lt\/en\/wp-json\/wp\/v2\/types\/product"}],"wp:featuredmedia":[{"embeddable":true,"href":"https:\/\/janssencosmetics.lt\/en\/wp-json\/wp\/v2\/media\/3313"}],"wp:attachment":[{"href":"https:\/\/janssencosmetics.lt\/en\/wp-json\/wp\/v2\/media?parent=3308"}],"wp:term":[{"taxonomy":"product_cat","embeddable":true,"href":"https:\/\/janssencosmetics.lt\/en\/wp-json\/wp\/v2\/product_cat?post=3308"},{"taxonomy":"product_tag","embeddable":true,"href":"https:\/\/janssencosmetics.lt\/en\/wp-json\/wp\/v2\/product_tag?post=3308"}],"curies":[{"name":"wp","href":"https:\/\/api.w.org\/{rel}","templated":true}]}}