{"id":3188,"date":"2024-03-20T10:25:48","date_gmt":"2024-03-20T10:25:48","guid":{"rendered":"https:\/\/janssencosmetics.lt\/?post_type=product&#038;p=3188"},"modified":"2025-08-10T11:21:24","modified_gmt":"2025-08-10T11:21:24","slug":"giliai-valanti-kauke-su-kaolinu10ml","status":"publish","type":"product","link":"https:\/\/janssencosmetics.lt\/en\/produktas\/giliai-valanti-kauke-su-kaolinu10ml\/","title":{"rendered":"Giliai valanti kauk\u0117 su kaolinu,10ml -10%"},"content":{"rendered":"<p>Intensyviai valoma kaolino kauk\u0117 yra viena populiariausi\u0173 bet kokio tipo odos prie\u017ei\u016brai,\u012fskaitant jautri\u0105.Sugeria riebal\u0173 pertekli\u0173 ir normalizuoja j\u0173 gamyb\u0105, i\u0161laisvina u\u017esikim\u0161usi\u0105s poras, pa\u0161alina ink\u0161tirus d\u0117l naujovi\u0161ko Equal-Refining Complex.Pagreitina u\u017edegimini\u0173 element\u0173 gijim\u0105, neleid\u017eia susidaryti komedonams ir spuogams. Ramina od\u0105, ma\u017eina dirginim\u0105 ir u\u017edegim\u0105, oda lieka \u0161velni, mink\u0161ta ir sudr\u0117kinta.Senstan\u010diai odai suteikia liftingo efekt\u0105 d\u0117l galingo poras sutraukian\u010dio poveikio.Pagerina veido spalv\u0105, suvienodina odos tekst\u016br\u0105 ir tonus\u0105.Rezultatas matomas jau po vieno panaudojimo.Tekst\u016bra tir\u0161ta kremin\u0117. Idealiai tinka T zonos valymui. Tinka express prie\u017ei\u016bros proced\u016broms. Aromatas neutralus.<br \/>\n<strong>Veiklieji komponentai:<\/strong>\u00a0Equal-Refining Complex: oleanolio r\u016bg\u0161ties ir Enantia Chlorantha \u017eiev\u0117s ekstrakto, kaolino,alavijo ekstrakto, bisabololio, mentolio, glicerino derinys.<br \/>\n<strong>Naudojimas:<\/strong>\u00a0U\u017etepkite Intense Clearing Mask ant \u0161varios odos, vengdami aki\u0173 srities. Palikite 20 minu\u010di\u0173, tada nuplaukite arba nuimkite \u0161iltais,dr\u0117gnais kompresais. Naudoti 1-2 kartus per savait\u0119, o esant lokaliniam u\u017edegimui \u2013 pagal poreik\u012f. Ant odos kauk\u0117 \u0161iek tiek sud\u017ei\u016bsta, tod\u0117l j\u0105 lengviau nuimti \u0161velniai pamasa\u017eavus dr\u0117gnais pir\u0161t\u0173 galiukais.<\/p>\n","protected":false},"excerpt":{"rendered":"<p>Nepakei\u010diama gro\u017eio priemon\u0117 riebiai ir probleminei odai bet kokio am\u017eiaus, must-have paaugliams (14+).<\/p>\n","protected":false},"featured_media":3193,"template":"","meta":[],"product_cat":[26],"product_tag":[],"_links":{"self":[{"href":"https:\/\/janssencosmetics.lt\/en\/wp-json\/wp\/v2\/product\/3188"}],"collection":[{"href":"https:\/\/janssencosmetics.lt\/en\/wp-json\/wp\/v2\/product"}],"about":[{"href":"https:\/\/janssencosmetics.lt\/en\/wp-json\/wp\/v2\/types\/product"}],"wp:featuredmedia":[{"embeddable":true,"href":"https:\/\/janssencosmetics.lt\/en\/wp-json\/wp\/v2\/media\/3193"}],"wp:attachment":[{"href":"https:\/\/janssencosmetics.lt\/en\/wp-json\/wp\/v2\/media?parent=3188"}],"wp:term":[{"taxonomy":"product_cat","embeddable":true,"href":"https:\/\/janssencosmetics.lt\/en\/wp-json\/wp\/v2\/product_cat?post=3188"},{"taxonomy":"product_tag","embeddable":true,"href":"https:\/\/janssencosmetics.lt\/en\/wp-json\/wp\/v2\/product_tag?post=3188"}],"curies":[{"name":"wp","href":"https:\/\/api.w.org\/{rel}","templated":true}]}}