{"id":3168,"date":"2024-03-19T14:00:47","date_gmt":"2024-03-19T14:00:47","guid":{"rendered":"https:\/\/janssencosmetics.lt\/?post_type=product&#038;p=3168"},"modified":"2026-04-01T17:58:18","modified_gmt":"2026-04-01T17:58:18","slug":"komfortiska-paakiu-prieziura-10ml","status":"publish","type":"product","link":"https:\/\/janssencosmetics.lt\/en\/produktas\/komfortiska-paakiu-prieziura-10ml\/","title":{"rendered":"Komforti\u0161ka paaki\u0173 prie\u017ei\u016bra, 5ml"},"content":{"rendered":"<p>\u0160velni aki\u0173 zonos prie\u017ei\u016bros emulsija stiprina, regeneruoja ir padidina \u0161ios srities padid\u0117jusio jautrumo odos atsparum\u0105 neigiamam i\u0161or\u0117s poveikiui. Subalansuotas veikli\u0173j\u0173 med\u017eiag\u0173 derinys suteikia visapusi\u0161k\u0105 prie\u017ei\u016br\u0105,vienu metu i\u0161sprend\u017eiant kelias problemas. Skin Defense Complex+ mal\u0161ina dirginim\u0105 ir u\u017edegim\u0105, stimuliuoja regeneracij\u0105, stiprina ir atstato odos apsaugin\u012f barjer\u0105, u\u017ekertant keli\u0105 alerginei reakcijai. Tuo pa\u010diu metu \u0161velnina ir lygina rauk\u0161les, pa\u0161alina paburkim\u0105, suma\u017eina tamsius ratilus po akimis.<br \/>\n<strong>Veikliosios med\u0163iagos:<\/strong>\u00a0Eyebright, Skin Defence Complex ,Sensitive complex, Ilgosios ir trumposios grandin\u0117s hialurono r\u016bg\u0161tis, Taukmed\u0163io sviestas, Izostearilo izostearatas (ISIS),Sacharid\u0173 izomerata, \u03b1-bisabololis, Alantoinas, Vitamino E, Acetatas.<br \/>\n<strong>Naudojimas:<\/strong>\u00a0Ryte ir vakare lengvais judesiais patepkite od\u0105 aplink akis nedideliu kiekiu Comfort Eye Care kremo.<\/p>\n","protected":false},"excerpt":{"rendered":"<p>\u0160velni aki\u0173 zonos prie\u017ei\u016bros emulsija stiprina, regeneruoja ir padidina \u0161ios srities padid\u0117jusio jautrumo, odos atsparum\u0105 neigiamam i\u0161or\u0117s poveikiui.<\/p>\n","protected":false},"featured_media":3177,"template":"","meta":[],"product_cat":[29],"product_tag":[],"_links":{"self":[{"href":"https:\/\/janssencosmetics.lt\/en\/wp-json\/wp\/v2\/product\/3168"}],"collection":[{"href":"https:\/\/janssencosmetics.lt\/en\/wp-json\/wp\/v2\/product"}],"about":[{"href":"https:\/\/janssencosmetics.lt\/en\/wp-json\/wp\/v2\/types\/product"}],"wp:featuredmedia":[{"embeddable":true,"href":"https:\/\/janssencosmetics.lt\/en\/wp-json\/wp\/v2\/media\/3177"}],"wp:attachment":[{"href":"https:\/\/janssencosmetics.lt\/en\/wp-json\/wp\/v2\/media?parent=3168"}],"wp:term":[{"taxonomy":"product_cat","embeddable":true,"href":"https:\/\/janssencosmetics.lt\/en\/wp-json\/wp\/v2\/product_cat?post=3168"},{"taxonomy":"product_tag","embeddable":true,"href":"https:\/\/janssencosmetics.lt\/en\/wp-json\/wp\/v2\/product_tag?post=3168"}],"curies":[{"name":"wp","href":"https:\/\/api.w.org\/{rel}","templated":true}]}}