{"id":3143,"date":"2024-03-18T13:35:47","date_gmt":"2024-03-18T13:35:47","guid":{"rendered":"https:\/\/janssencosmetics.lt\/?post_type=product&#038;p=3143"},"modified":"2025-10-10T09:25:13","modified_gmt":"2025-10-10T09:25:13","slug":"anti-age-kremas-su-liftingo-efektu-10ml-2","status":"publish","type":"product","link":"https:\/\/janssencosmetics.lt\/en\/produktas\/anti-age-kremas-su-liftingo-efektu-10ml-2\/","title":{"rendered":"Anti-age kremas su liftingo efektu, 10ml -10%"},"content":{"rendered":"<p>Kremas atkuria brand\u017ei\u0105 od\u0105 ir stiprina j\u0105 gilesniuose sluoksniuose, kovoja su senatvini\u0173 d\u0117mi\u0173 formavimu ir paraudimu, atsirandan\u010diu su am\u017eiumi, pasi\u017eymi prie\u0161u\u017edegimin\u0117mis ir antioksidacin\u0117mis savyb\u0117mis, taip pat veikia tris pagrindinius odos chromoforus (kolagen\u0105, hemoglobin\u0105 ir melanin\u0105), padeda susidoroti su pigmentacijos sutrikimais ir suteikia nepriekai\u0161tingai lygi\u0105 veido spalv\u0105.<br \/>\n<strong>Veiklieji komponentai:<\/strong>\u00a0ESP:elastino sintez\u0117s stimuliuojantys peptidai; SORR augal\u0173 ekstrakt\u0173 kompleksas:labai aktyv\u016bs sigezbekijos (Siegesbeckia orientalis) ir rabdosijos (Rabdosia rubescens) ekstraktai, trumpas ir ilgas grandin\u0117s hialurono r\u016bg\u0161tis, tikrasis japoni\u0161kas \u0161ilkas, Makadamijos rie\u0161ut\u0173 aliejus, Izostearilo izostearatas: ISIS santrumpoje, vitaminas A, vitaminas E.<br \/>\n<strong>Naudojimas:<\/strong>Rytais ir\/arba vakarais paskirstykite ant veido ir kaklo. \u0160velniai \u012fmasa\u017euokite.<\/p>\n","protected":false},"excerpt":{"rendered":"<p>Praturtintas stangrinamasis prie\u017ei\u016bros kremas, skirtas kont\u016brams atkurti, idealiai tinka moterims, kurios nori sodresn\u0117s tekst\u016bros.<\/p>\n","protected":false},"featured_media":3737,"template":"","meta":[],"product_cat":[30],"product_tag":[],"_links":{"self":[{"href":"https:\/\/janssencosmetics.lt\/en\/wp-json\/wp\/v2\/product\/3143"}],"collection":[{"href":"https:\/\/janssencosmetics.lt\/en\/wp-json\/wp\/v2\/product"}],"about":[{"href":"https:\/\/janssencosmetics.lt\/en\/wp-json\/wp\/v2\/types\/product"}],"wp:featuredmedia":[{"embeddable":true,"href":"https:\/\/janssencosmetics.lt\/en\/wp-json\/wp\/v2\/media\/3737"}],"wp:attachment":[{"href":"https:\/\/janssencosmetics.lt\/en\/wp-json\/wp\/v2\/media?parent=3143"}],"wp:term":[{"taxonomy":"product_cat","embeddable":true,"href":"https:\/\/janssencosmetics.lt\/en\/wp-json\/wp\/v2\/product_cat?post=3143"},{"taxonomy":"product_tag","embeddable":true,"href":"https:\/\/janssencosmetics.lt\/en\/wp-json\/wp\/v2\/product_tag?post=3143"}],"curies":[{"name":"wp","href":"https:\/\/api.w.org\/{rel}","templated":true}]}}