{"id":3135,"date":"2024-03-18T11:40:06","date_gmt":"2024-03-18T11:40:06","guid":{"rendered":"https:\/\/janssencosmetics.lt\/?post_type=product&#038;p=3135"},"modified":"2025-08-08T09:07:25","modified_gmt":"2025-08-08T09:07:25","slug":"sviesinantis-pienelis-brandziai-odai-30ml","status":"publish","type":"product","link":"https:\/\/janssencosmetics.lt\/en\/produktas\/sviesinantis-pienelis-brandziai-odai-30ml\/","title":{"rendered":"\u0160viesinantis pienelis brand\u017eiai odai, 30ml"},"content":{"rendered":"<p>Puikiai subalansuotas prausiklis 2 viename: ne tik efektyviai ir \u0161velniai pa\u0161alina ne\u0161varumus bei makia\u017e\u0105, bet ir r\u016bpinasi oda jau \u0161iame proced\u016bros etape. Dr\u0117kina, mink\u0161tina, gaivina od\u0105, i\u0161lygina jos atspalv\u012f ir pagerina veido spalv\u0105. Neleid\u017eia susidaryti nepageidaujamai pigmentacijai. Nepa\u017eeid\u017eia fiziologinio pH lygio,\u00a0nepa\u017eeid\u017eia epidermio barjero bei turi antioksidacini\u0173 savybi\u0173. Kremin\u0117s tekst\u016bros pienelis puikiai pa\u0161alina odos ne\u0161varumus ir makia\u017eo liku\u010dius. Skirtas vis\u0173 tip\u0173 odai.<br \/>\n<strong>Veiklieji komponentai:\u00a0<\/strong>\u0161ilkmed\u017eio ekstraktas, veikliosios valomosios med\u017eiagos.<br \/>\n<strong>Naudojimas:\u00a0<\/strong>u\u017etepti ant odos, kaklo ir dekol\u0117 dr\u0117gnomis rankomis.Nuplauti dideliu kiekiu vandens.<\/p>\n","protected":false},"excerpt":{"rendered":"<p>\u0160velni emulsija su \u0161ilkmed\u017eio ekstraktu, praturtinta anti-age komponentais.<\/p>\n","protected":false},"featured_media":3136,"template":"","meta":[],"product_cat":[31],"product_tag":[],"_links":{"self":[{"href":"https:\/\/janssencosmetics.lt\/en\/wp-json\/wp\/v2\/product\/3135"}],"collection":[{"href":"https:\/\/janssencosmetics.lt\/en\/wp-json\/wp\/v2\/product"}],"about":[{"href":"https:\/\/janssencosmetics.lt\/en\/wp-json\/wp\/v2\/types\/product"}],"wp:featuredmedia":[{"embeddable":true,"href":"https:\/\/janssencosmetics.lt\/en\/wp-json\/wp\/v2\/media\/3136"}],"wp:attachment":[{"href":"https:\/\/janssencosmetics.lt\/en\/wp-json\/wp\/v2\/media?parent=3135"}],"wp:term":[{"taxonomy":"product_cat","embeddable":true,"href":"https:\/\/janssencosmetics.lt\/en\/wp-json\/wp\/v2\/product_cat?post=3135"},{"taxonomy":"product_tag","embeddable":true,"href":"https:\/\/janssencosmetics.lt\/en\/wp-json\/wp\/v2\/product_tag?post=3135"}],"curies":[{"name":"wp","href":"https:\/\/api.w.org\/{rel}","templated":true}]}}